{"id":11,"date":"2026-02-16T13:08:19","date_gmt":"2026-02-16T13:08:19","guid":{"rendered":"https:\/\/tuovisulonenkarhu.fi\/?page_id=11"},"modified":"2026-03-18T09:03:33","modified_gmt":"2026-03-18T09:03:33","slug":"minusta","status":"publish","type":"page","link":"https:\/\/tuovisulonenkarhu.fi\/?page_id=11","title":{"rendered":"Minusta"},"content":{"rendered":"\n<figure class=\"wp-block-gallery has-nested-images columns-default is-cropped wp-block-gallery-1 is-layout-flex wp-block-gallery-is-layout-flex\">\n<figure class=\"wp-block-image size-large\"><img loading=\"lazy\" decoding=\"async\" width=\"720\" height=\"540\" data-id=\"509\" src=\"https:\/\/tuovisulonenkarhu.fi\/wp-content\/uploads\/2026\/03\/25733_383792630558_6120584_n_383792630558.jpg\" alt=\"\" class=\"wp-image-509\" srcset=\"https:\/\/tuovisulonenkarhu.fi\/wp-content\/uploads\/2026\/03\/25733_383792630558_6120584_n_383792630558.jpg 720w, https:\/\/tuovisulonenkarhu.fi\/wp-content\/uploads\/2026\/03\/25733_383792630558_6120584_n_383792630558-300x225.jpg 300w\" sizes=\"auto, (max-width: 720px) 100vw, 720px\" \/><\/figure>\n<\/figure>\n\n\n\n<p>Tuovi luovi l\u00e4nsi tuuleen, sanoi \u00e4itini aina, kun olin pieni ja niin min\u00e4 luovin id\u00e4st\u00e4 l\u00e4nteen ja t\u00e4nne juuruin. Olen matkanvarrella saanut nelj\u00e4 ihanaa lasta ja leijonamiehen, joka on perheenp\u00e4\u00e4n\u00e4 rauhallinen ja k\u00e4rsiv\u00e4llinen, vaimonsa jatkuvasti uudistuvista hulluista p\u00e4\u00e4h\u00e4npistoista huolimatta, ja saan luottaa siihen, ett\u00e4 hulluimmat ideat karsitaan, ennenkuin niist\u00e4 kasvaa taivaalle kipuava pavunvarsi, josta paha j\u00e4ttil\u00e4inen p\u00e4\u00e4sisi hotkaisemaan maailman suuhunsa. El\u00e4mme sopuisasti kauniissa maalaismilj\u00f6\u00f6ss\u00e4, luonnonrytmien hitaasti muuttaessa maisemaa, kasvattaen kanoja ja kaneja sek\u00e4 viljellen luomuviljaa.<\/p>\n\n\n\n<p>Olen kotoisin yl\u00e4-Kainuusta metsien ja peltojen keskelt\u00e4. Kun olin kuusi (en kataja), m\u00e4nnyn hionnasta tuleva tuoksu lumosi minut. Siit\u00e4 asti on t\u00e4ht\u00e4imess\u00e4ni ollut puu, vaikka monet materiaalit matkanvarrella ovatkin tulleet tutuksi. Varsinainen kouluspolkuni alkoi yl\u00e4asteen j\u00e4lkeen vuonna 2000 jolloin l\u00e4hdin Piippolaan opiskelemaan hienopuusepp\u00e4 artesaaniksi ja sielt\u00e4 valmistuttuani jatkoin Jurvaan Koristeveistolinjalle, josta kolme vuotta my\u00f6hemmin 2008 sain koristeveist\u00e4j\u00e4 kis\u00e4llin tittelin.<\/p>\n\n\n\n<figure class=\"wp-block-gallery has-nested-images columns-default is-cropped wp-block-gallery-2 is-layout-flex wp-block-gallery-is-layout-flex\">\n<figure class=\"wp-block-image size-large\"><img loading=\"lazy\" decoding=\"async\" width=\"496\" height=\"953\" data-id=\"44\" src=\"https:\/\/tuovisulonenkarhu.fi\/wp-content\/uploads\/2026\/02\/nettisivu1.jpg\" alt=\"\" class=\"wp-image-44\" srcset=\"https:\/\/tuovisulonenkarhu.fi\/wp-content\/uploads\/2026\/02\/nettisivu1.jpg 496w, https:\/\/tuovisulonenkarhu.fi\/wp-content\/uploads\/2026\/02\/nettisivu1-156x300.jpg 156w\" sizes=\"auto, (max-width: 496px) 100vw, 496px\" \/><figcaption class=\"wp-element-caption\">oneplus_27857<\/figcaption><\/figure>\n<\/figure>\n\n\n\n<p><\/p>\n\n\n\n<p>Rummunrakennuksen saloihin p\u00e4\u00e4sin 2018. Ensimm\u00e4ist\u00e4 rumpuani rakentaessani tunsin olevani ytimess\u00e4. Siit\u00e4 asti olen rakentanut rumpuja. Mukaan tuli heti pian nahkojen puhdistus ja keh\u00e4r\u00e4veiden valmistus, halu tehd\u00e4 niin alusta kuin se vain olisi mahdollista. L\u00e4hteess\u00e4 liotetut kosteat r\u00e4veet k\u00e4\u00e4ntelen tulella lempe\u00e4sti l\u00e4mmitellen uuteen muotoon. Ja sitten vuonna 2022 tuli ajatus ett\u00e4 jos yhdist\u00e4isin n\u00e4m\u00e4 kaksi niin ihastuttavaa asiaa, veisto ja rumpu.<\/p>\n\n\n\n<figure class=\"wp-block-gallery has-nested-images columns-default is-cropped wp-block-gallery-3 is-layout-flex wp-block-gallery-is-layout-flex\">\n<figure class=\"wp-block-image size-large\"><img loading=\"lazy\" decoding=\"async\" width=\"714\" height=\"953\" data-id=\"47\" src=\"https:\/\/tuovisulonenkarhu.fi\/wp-content\/uploads\/2026\/02\/nettisivut2.jpg\" alt=\"\" class=\"wp-image-47\" srcset=\"https:\/\/tuovisulonenkarhu.fi\/wp-content\/uploads\/2026\/02\/nettisivut2.jpg 714w, https:\/\/tuovisulonenkarhu.fi\/wp-content\/uploads\/2026\/02\/nettisivut2-225x300.jpg 225w\" sizes=\"auto, (max-width: 714px) 100vw, 714px\" \/><figcaption class=\"wp-element-caption\">oneplus_49312<\/figcaption><\/figure>\n<\/figure>\n\n\n\n<p><\/p>\n\n\n\n<figure class=\"wp-block-gallery has-nested-images columns-default is-cropped wp-block-gallery-4 is-layout-flex wp-block-gallery-is-layout-flex\">\n<figure class=\"wp-block-image size-large\"><img loading=\"lazy\" decoding=\"async\" width=\"781\" height=\"953\" data-id=\"50\" src=\"https:\/\/tuovisulonenkarhu.fi\/wp-content\/uploads\/2026\/02\/netti3.jpg\" alt=\"\" class=\"wp-image-50\" srcset=\"https:\/\/tuovisulonenkarhu.fi\/wp-content\/uploads\/2026\/02\/netti3.jpg 781w, https:\/\/tuovisulonenkarhu.fi\/wp-content\/uploads\/2026\/02\/netti3-246x300.jpg 246w, https:\/\/tuovisulonenkarhu.fi\/wp-content\/uploads\/2026\/02\/netti3-768x937.jpg 768w\" sizes=\"auto, (max-width: 781px) 100vw, 781px\" \/><figcaption class=\"wp-element-caption\">oneplus_11317<\/figcaption><\/figure>\n<\/figure>\n\n\n\n<p><em>Ensimm\u00e4inen veistos rumpuni; Eeva, koivu, osmo colour, naudannahka<\/em><\/p>\n\n\n\n<p>Seuraavana kes\u00e4n\u00e4 meill\u00e4 olikin eritt\u00e4in onnistunut kupurummun rakennus kurssi sampolassa ja ne ovat jatkuneet siit\u00e4 asti, kuten my\u00f6s keh\u00e4rummun valmistus kurssit.<\/p>\n\n\n\n<p><\/p>\n\n\n\n<figure class=\"wp-block-gallery has-nested-images columns-default is-cropped wp-block-gallery-5 is-layout-flex wp-block-gallery-is-layout-flex\">\n<figure class=\"wp-block-image size-large\"><img loading=\"lazy\" decoding=\"async\" width=\"937\" height=\"704\" data-id=\"53\" src=\"https:\/\/tuovisulonenkarhu.fi\/wp-content\/uploads\/2026\/02\/netti4.jpg\" alt=\"\" class=\"wp-image-53\" srcset=\"https:\/\/tuovisulonenkarhu.fi\/wp-content\/uploads\/2026\/02\/netti4.jpg 937w, https:\/\/tuovisulonenkarhu.fi\/wp-content\/uploads\/2026\/02\/netti4-300x225.jpg 300w, https:\/\/tuovisulonenkarhu.fi\/wp-content\/uploads\/2026\/02\/netti4-768x577.jpg 768w\" sizes=\"auto, (max-width: 937px) 100vw, 937px\" \/><\/figure>\n<\/figure>\n\n\n\n<p>Maissi ja rummut<\/p>\n\n\n\n<p>Omavaraisuus on ollut aina yksi el\u00e4m\u00e4nkatsomukseni kivijan peruspilareista. Lapsuudessa se oli luonnollinen osa arkea maatilalla asuessani. Kotoa maailmalle l\u00e4hdetty\u00e4ni, olen harjoitellut ja kantap\u00e4\u00e4nkautta opetellut, mit\u00e4 se pienviljely oikein tarkoittaa. Paljon on ollut onnistumisia ja paljon on mennyt m\u00f6nk\u00e4\u00e4n. Tekemisen riemu kuitenkin aina kantaa yrityksest\u00e4 toiseen ja ne pienet auttavat k\u00e4det.<\/p>\n\n\n\n<figure class=\"wp-block-gallery has-nested-images columns-default is-cropped wp-block-gallery-6 is-layout-flex wp-block-gallery-is-layout-flex\">\n<figure class=\"wp-block-image size-large\"><img loading=\"lazy\" decoding=\"async\" width=\"703\" height=\"936\" data-id=\"54\" src=\"https:\/\/tuovisulonenkarhu.fi\/wp-content\/uploads\/2026\/02\/netti5.jpg\" alt=\"\" class=\"wp-image-54\" srcset=\"https:\/\/tuovisulonenkarhu.fi\/wp-content\/uploads\/2026\/02\/netti5.jpg 703w, https:\/\/tuovisulonenkarhu.fi\/wp-content\/uploads\/2026\/02\/netti5-225x300.jpg 225w\" sizes=\"auto, (max-width: 703px) 100vw, 703px\" \/><\/figure>\n<\/figure>\n\n\n\n<figure class=\"wp-block-gallery has-nested-images columns-default is-cropped wp-block-gallery-7 is-layout-flex wp-block-gallery-is-layout-flex\">\n<figure class=\"wp-block-image size-large\"><img loading=\"lazy\" decoding=\"async\" width=\"703\" height=\"936\" data-id=\"58\" src=\"https:\/\/tuovisulonenkarhu.fi\/wp-content\/uploads\/2026\/02\/netti6.jpg\" alt=\"\" class=\"wp-image-58\" srcset=\"https:\/\/tuovisulonenkarhu.fi\/wp-content\/uploads\/2026\/02\/netti6.jpg 703w, https:\/\/tuovisulonenkarhu.fi\/wp-content\/uploads\/2026\/02\/netti6-225x300.jpg 225w\" sizes=\"auto, (max-width: 703px) 100vw, 703px\" \/><\/figure>\n<\/figure>\n\n\n\n<figure class=\"wp-block-gallery has-nested-images columns-default is-cropped wp-block-gallery-8 is-layout-flex wp-block-gallery-is-layout-flex\">\n<figure class=\"wp-block-image size-large\"><img loading=\"lazy\" decoding=\"async\" width=\"703\" height=\"936\" data-id=\"61\" src=\"https:\/\/tuovisulonenkarhu.fi\/wp-content\/uploads\/2026\/02\/netti7.jpg\" alt=\"\" class=\"wp-image-61\" srcset=\"https:\/\/tuovisulonenkarhu.fi\/wp-content\/uploads\/2026\/02\/netti7.jpg 703w, https:\/\/tuovisulonenkarhu.fi\/wp-content\/uploads\/2026\/02\/netti7-225x300.jpg 225w\" sizes=\"auto, (max-width: 703px) 100vw, 703px\" \/><\/figure>\n<\/figure>\n\n\n\n<p><em>Rummun nimi on &#8221;suuri syd\u00e4n&#8221; ja on nuorimmaiseni oma rumpu<\/em><\/p>\n\n\n\n<p>P\u00e4\u00e4sin perinnehoitaja koulutukseen vuonna 2018. Olin sit\u00e4 ennen opiskellut hoitoalaa useamman vuoden, mutta k\u00e4yty\u00e4ni ensimm\u00e4isen kerran perinnehoidossa toisen lapseni syntym\u00e4n j\u00e4lkeen 2015 ja pitk\u00e4\u00e4n kest\u00e4neet kivut olkap\u00e4iss\u00e4ni j\u00e4iv\u00e4t hoitop\u00f6yd\u00e4lle, tiesin, ett\u00e4 diplomifytoterapia- , shiatsuhoitaja-, joogaopettaja- sek\u00e4 terveydenalan perustutkinto koulutukseni olivatkin olleet vasta hyv\u00e4\u00e4 pohjaa perinnehoitajan ty\u00f6kalupakkiini. Perinnehoitajaksi valmistuttuani opiskelin viel\u00e4 vy\u00f6hyketerapiahoitajaksi. <\/p>\n\n\n\n<p>Hoitohuoneeni on aina sulan maan aikaan t\u00e4m\u00e4 perheemme paratiisi, nyt jo 107 vuotta vanha pienen pieni torppa. T\u00e4\u00e4ll\u00e4 sielu lep\u00e4\u00e4 niin hoitajalla kuin hoidettavallakin. Ja on siell\u00e4 varmaan muutama tonttukin.<\/p>\n\n\n\n<figure class=\"wp-block-gallery has-nested-images columns-default is-cropped wp-block-gallery-9 is-layout-flex wp-block-gallery-is-layout-flex\">\n<figure class=\"wp-block-image size-large\"><img loading=\"lazy\" decoding=\"async\" width=\"703\" height=\"936\" data-id=\"70\" src=\"https:\/\/tuovisulonenkarhu.fi\/wp-content\/uploads\/2026\/02\/netti0.jpg\" alt=\"\" class=\"wp-image-70\" srcset=\"https:\/\/tuovisulonenkarhu.fi\/wp-content\/uploads\/2026\/02\/netti0.jpg 703w, https:\/\/tuovisulonenkarhu.fi\/wp-content\/uploads\/2026\/02\/netti0-225x300.jpg 225w\" sizes=\"auto, (max-width: 703px) 100vw, 703px\" \/><\/figure>\n<\/figure>\n\n\n\n<figure class=\"wp-block-gallery has-nested-images columns-default is-cropped wp-block-gallery-10 is-layout-flex wp-block-gallery-is-layout-flex\">\n<figure class=\"wp-block-image size-large\"><img loading=\"lazy\" decoding=\"async\" width=\"703\" height=\"936\" data-id=\"66\" src=\"https:\/\/tuovisulonenkarhu.fi\/wp-content\/uploads\/2026\/02\/netti8.jpg\" alt=\"\" class=\"wp-image-66\" srcset=\"https:\/\/tuovisulonenkarhu.fi\/wp-content\/uploads\/2026\/02\/netti8.jpg 703w, https:\/\/tuovisulonenkarhu.fi\/wp-content\/uploads\/2026\/02\/netti8-225x300.jpg 225w\" sizes=\"auto, (max-width: 703px) 100vw, 703px\" \/><\/figure>\n<\/figure>\n","protected":false},"excerpt":{"rendered":"<p>Tuovi luovi l\u00e4nsi tuuleen, sanoi \u00e4itini aina, kun olin pieni ja niin min\u00e4 luovin id\u00e4st\u00e4 l\u00e4nteen ja t\u00e4nne juuruin. Olen matkanvarrella saanut nelj\u00e4 ihanaa lasta ja leijonamiehen, joka on perheenp\u00e4\u00e4n\u00e4 rauhallinen ja k\u00e4rsiv\u00e4llinen, vaimonsa jatkuvasti uudistuvista hulluista p\u00e4\u00e4h\u00e4npistoista huolimatta, ja saan luottaa siihen, ett\u00e4 hulluimmat ideat karsitaan, ennenkuin niist\u00e4 kasvaa taivaalle kipuava pavunvarsi, josta paha&#8230;<\/p>\n","protected":false},"author":1,"featured_media":0,"parent":0,"menu_order":0,"comment_status":"closed","ping_status":"closed","template":"","meta":{"_kad_post_transparent":"","_kad_post_title":"","_kad_post_layout":"","_kad_post_sidebar_id":"","_kad_post_content_style":"","_kad_post_vertical_padding":"","_kad_post_feature":"","_kad_post_feature_position":"","_kad_post_header":false,"_kad_post_footer":false,"_kad_post_classname":"","footnotes":""},"class_list":["post-11","page","type-page","status-publish","hentry"],"_links":{"self":[{"href":"https:\/\/tuovisulonenkarhu.fi\/index.php?rest_route=\/wp\/v2\/pages\/11","targetHints":{"allow":["GET"]}}],"collection":[{"href":"https:\/\/tuovisulonenkarhu.fi\/index.php?rest_route=\/wp\/v2\/pages"}],"about":[{"href":"https:\/\/tuovisulonenkarhu.fi\/index.php?rest_route=\/wp\/v2\/types\/page"}],"author":[{"embeddable":true,"href":"https:\/\/tuovisulonenkarhu.fi\/index.php?rest_route=\/wp\/v2\/users\/1"}],"replies":[{"embeddable":true,"href":"https:\/\/tuovisulonenkarhu.fi\/index.php?rest_route=%2Fwp%2Fv2%2Fcomments&post=11"}],"version-history":[{"count":21,"href":"https:\/\/tuovisulonenkarhu.fi\/index.php?rest_route=\/wp\/v2\/pages\/11\/revisions"}],"predecessor-version":[{"id":530,"href":"https:\/\/tuovisulonenkarhu.fi\/index.php?rest_route=\/wp\/v2\/pages\/11\/revisions\/530"}],"wp:attachment":[{"href":"https:\/\/tuovisulonenkarhu.fi\/index.php?rest_route=%2Fwp%2Fv2%2Fmedia&parent=11"}],"curies":[{"name":"wp","href":"https:\/\/api.w.org\/{rel}","templated":true}]}}