{"id":13,"date":"2026-02-16T13:08:45","date_gmt":"2026-02-16T13:08:45","guid":{"rendered":"https:\/\/tuovisulonenkarhu.fi\/?page_id=13"},"modified":"2026-04-02T06:32:54","modified_gmt":"2026-04-02T06:32:54","slug":"galleria","status":"publish","type":"page","link":"https:\/\/tuovisulonenkarhu.fi\/?page_id=13","title":{"rendered":"Galleria"},"content":{"rendered":"\n<figure class=\"wp-block-image size-large\"><img loading=\"lazy\" decoding=\"async\" width=\"760\" height=\"1024\" src=\"https:\/\/tuovisulonenkarhu.fi\/wp-content\/uploads\/2026\/04\/image-760x1024.jpeg\" alt=\"\" class=\"wp-image-605\" srcset=\"https:\/\/tuovisulonenkarhu.fi\/wp-content\/uploads\/2026\/04\/image-760x1024.jpeg 760w, https:\/\/tuovisulonenkarhu.fi\/wp-content\/uploads\/2026\/04\/image-223x300.jpeg 223w, https:\/\/tuovisulonenkarhu.fi\/wp-content\/uploads\/2026\/04\/image-768x1035.jpeg 768w, https:\/\/tuovisulonenkarhu.fi\/wp-content\/uploads\/2026\/04\/image.jpeg 1076w\" sizes=\"auto, (max-width: 760px) 100vw, 760px\" \/><\/figure>\n\n\n\n<p>Ninfa del vento rococ\u00f3; viritett\u00e4v\u00e4 veistosrumpu jalustalla. <br>Puunveisto (hiljainen koristeveisto), lehmus; <br>keh\u00e4 haapa, rumpunahka (poro), puiset viritystapit; <br>pintak\u00e4sittely munatempera, maapigmentit, lehtimetalli ja Osmo Color, <br>halkaisija 41 cm, syvyys 8 cm, korkeus jalustan kanssa n. 80 cm, <br>rumpu 2025, jalusta 2026.<br><\/p>\n\n\n\n<p><\/p>\n\n\n\n<figure class=\"wp-block-image size-full\"><a href=\"https:\/\/tuovisulonenkarhu.fi\/?page_id=77\"><img loading=\"lazy\" decoding=\"async\" width=\"781\" height=\"953\" src=\"https:\/\/tuovisulonenkarhu.fi\/wp-content\/uploads\/2026\/02\/netti3.jpg\" alt=\"\" class=\"wp-image-50\" srcset=\"https:\/\/tuovisulonenkarhu.fi\/wp-content\/uploads\/2026\/02\/netti3.jpg 781w, https:\/\/tuovisulonenkarhu.fi\/wp-content\/uploads\/2026\/02\/netti3-246x300.jpg 246w, https:\/\/tuovisulonenkarhu.fi\/wp-content\/uploads\/2026\/02\/netti3-768x937.jpg 768w\" sizes=\"auto, (max-width: 781px) 100vw, 781px\" \/><\/a><\/figure>\n\n\n\n<p>Eeva; koristeveistetty rumpu.<br> Puunveisto (hiljainen koristeveisto), koivu; <br>keh\u00e4 haapa, rumpunahka (nauta); <br>pintak\u00e4sittely Osmo Color ja lehtimetalli, <br>65 \u00d7 90 \u00d7 8 cm, 2023.<br>Tekij\u00e4n yksityisomistuksessa<\/p>\n\n\n\n<p><\/p>\n\n\n\n<p><\/p>\n\n\n\n<figure class=\"wp-block-image size-large\"><img loading=\"lazy\" decoding=\"async\" width=\"586\" height=\"1024\" src=\"https:\/\/tuovisulonenkarhu.fi\/wp-content\/uploads\/2026\/04\/image-1-586x1024.jpeg\" alt=\"\" class=\"wp-image-607\" srcset=\"https:\/\/tuovisulonenkarhu.fi\/wp-content\/uploads\/2026\/04\/image-1-586x1024.jpeg 586w, https:\/\/tuovisulonenkarhu.fi\/wp-content\/uploads\/2026\/04\/image-1-172x300.jpeg 172w, https:\/\/tuovisulonenkarhu.fi\/wp-content\/uploads\/2026\/04\/image-1-768x1341.jpeg 768w, https:\/\/tuovisulonenkarhu.fi\/wp-content\/uploads\/2026\/04\/image-1-879x1536.jpeg 879w, https:\/\/tuovisulonenkarhu.fi\/wp-content\/uploads\/2026\/04\/image-1.jpeg 916w\" sizes=\"auto, (max-width: 586px) 100vw, 586px\" \/><\/figure>\n\n\n\n<p>Ikuisuus; reliefi. Puunveisto (hiljainen koristeveisto), koivu; <br>pintak\u00e4sittely vesiv\u00e4ri, lehtimetalli ja Osmo Color, <br>101 \u00d7 58 \u00d7 5 cm, <br>2022.<br>Tekij\u00e4n yksityisomistuksessa<br><\/p>\n","protected":false},"excerpt":{"rendered":"<p>Ninfa del vento rococ\u00f3; viritett\u00e4v\u00e4 veistosrumpu jalustalla. Puunveisto (hiljainen koristeveisto), lehmus; keh\u00e4 haapa, rumpunahka (poro), puiset viritystapit; pintak\u00e4sittely munatempera, maapigmentit, lehtimetalli ja Osmo Color, halkaisija 41 cm, syvyys 8 cm, korkeus jalustan kanssa n. 80 cm, rumpu 2025, jalusta 2026. Eeva; koristeveistetty rumpu. Puunveisto (hiljainen koristeveisto), koivu; keh\u00e4 haapa, rumpunahka (nauta); pintak\u00e4sittely Osmo Color ja&#8230;<\/p>\n","protected":false},"author":1,"featured_media":0,"parent":0,"menu_order":0,"comment_status":"closed","ping_status":"closed","template":"","meta":{"_kad_post_transparent":"","_kad_post_title":"","_kad_post_layout":"","_kad_post_sidebar_id":"","_kad_post_content_style":"","_kad_post_vertical_padding":"","_kad_post_feature":"","_kad_post_feature_position":"","_kad_post_header":false,"_kad_post_footer":false,"_kad_post_classname":"","footnotes":""},"class_list":["post-13","page","type-page","status-publish","hentry"],"_links":{"self":[{"href":"https:\/\/tuovisulonenkarhu.fi\/index.php?rest_route=\/wp\/v2\/pages\/13","targetHints":{"allow":["GET"]}}],"collection":[{"href":"https:\/\/tuovisulonenkarhu.fi\/index.php?rest_route=\/wp\/v2\/pages"}],"about":[{"href":"https:\/\/tuovisulonenkarhu.fi\/index.php?rest_route=\/wp\/v2\/types\/page"}],"author":[{"embeddable":true,"href":"https:\/\/tuovisulonenkarhu.fi\/index.php?rest_route=\/wp\/v2\/users\/1"}],"replies":[{"embeddable":true,"href":"https:\/\/tuovisulonenkarhu.fi\/index.php?rest_route=%2Fwp%2Fv2%2Fcomments&post=13"}],"version-history":[{"count":8,"href":"https:\/\/tuovisulonenkarhu.fi\/index.php?rest_route=\/wp\/v2\/pages\/13\/revisions"}],"predecessor-version":[{"id":608,"href":"https:\/\/tuovisulonenkarhu.fi\/index.php?rest_route=\/wp\/v2\/pages\/13\/revisions\/608"}],"wp:attachment":[{"href":"https:\/\/tuovisulonenkarhu.fi\/index.php?rest_route=%2Fwp%2Fv2%2Fmedia&parent=13"}],"curies":[{"name":"wp","href":"https:\/\/api.w.org\/{rel}","templated":true}]}}