{"id":17,"date":"2026-02-16T13:09:16","date_gmt":"2026-02-16T13:09:16","guid":{"rendered":"https:\/\/tuovisulonenkarhu.fi\/?page_id=17"},"modified":"2026-02-18T12:21:04","modified_gmt":"2026-02-18T12:21:04","slug":"perinnehoito","status":"publish","type":"page","link":"https:\/\/tuovisulonenkarhu.fi\/?page_id=17","title":{"rendered":"Perinnehoito"},"content":{"rendered":"\n<p>Suomalainen Perinnehoitaja on koulutettu perinnehoitojen ammattilainen, jonka keskeiseen osaamiseen kuuluvat Suomalainen Perinnehieronta ja j\u00e4senkorjaus. J\u00e4senkorjauksella tarkoitetaan suomalaiseen kansanperinteeseen perustuvaa selk\u00e4rangan nikamien sek\u00e4 k\u00e4sien ja jalkojen nivelten luonnonmukaista liikehoitoa. Perinnehoitajan ty\u00f6kaluihin kuuluu hieronnan ja siihen yhdistetyn j\u00e4senkorjauksen lis\u00e4ksi esim. pistepainantaa ja syv\u00e4venyttely\u00e4 sek\u00e4 kuivakuppausta.<\/p>\n\n\n\n<p>Lis\u00e4\u00e4 tietoa perinnehoidosta ja perinnehoitajat ymp\u00e4ri Suomea l\u00f6yd\u00e4t osoitteesta:<\/p>\n\n\n\n<p> perinnehoito.fi<\/p>\n\n\n\n<figure class=\"wp-block-gallery has-nested-images columns-default is-cropped wp-block-gallery-1 is-layout-flex wp-block-gallery-is-layout-flex\">\n<figure class=\"wp-block-image size-large\"><img loading=\"lazy\" decoding=\"async\" width=\"937\" height=\"704\" data-id=\"201\" src=\"https:\/\/tuovisulonenkarhu.fi\/wp-content\/uploads\/2026\/02\/IMG_20241204_112822.jpg\" alt=\"\" class=\"wp-image-201\" srcset=\"https:\/\/tuovisulonenkarhu.fi\/wp-content\/uploads\/2026\/02\/IMG_20241204_112822.jpg 937w, https:\/\/tuovisulonenkarhu.fi\/wp-content\/uploads\/2026\/02\/IMG_20241204_112822-300x225.jpg 300w, https:\/\/tuovisulonenkarhu.fi\/wp-content\/uploads\/2026\/02\/IMG_20241204_112822-768x577.jpg 768w\" sizes=\"auto, (max-width: 937px) 100vw, 937px\" \/><\/figure>\n<\/figure>\n\n\n\n<p>Kes\u00e4isin hoitohuoneeni on pienen pieni torppa, joka on n\u00e4hnyt el\u00e4m\u00e4\u00e4 jo yli sadan vuoden ajan.<\/p>\n\n\n\n<figure class=\"wp-block-gallery has-nested-images columns-default is-cropped wp-block-gallery-2 is-layout-flex wp-block-gallery-is-layout-flex\">\n<figure class=\"wp-block-image size-large\"><img loading=\"lazy\" decoding=\"async\" width=\"937\" height=\"527\" data-id=\"203\" src=\"https:\/\/tuovisulonenkarhu.fi\/wp-content\/uploads\/2026\/02\/IMG-20241105-WA0002.jpeg\" alt=\"\" class=\"wp-image-203\" srcset=\"https:\/\/tuovisulonenkarhu.fi\/wp-content\/uploads\/2026\/02\/IMG-20241105-WA0002.jpeg 937w, https:\/\/tuovisulonenkarhu.fi\/wp-content\/uploads\/2026\/02\/IMG-20241105-WA0002-300x169.jpeg 300w, https:\/\/tuovisulonenkarhu.fi\/wp-content\/uploads\/2026\/02\/IMG-20241105-WA0002-768x432.jpeg 768w\" sizes=\"auto, (max-width: 937px) 100vw, 937px\" \/><\/figure>\n<\/figure>\n\n\n\n<p>Talvella olen toistaiseksi hoitanut kotona.<\/p>\n","protected":false},"excerpt":{"rendered":"<p>Suomalainen Perinnehoitaja on koulutettu perinnehoitojen ammattilainen, jonka keskeiseen osaamiseen kuuluvat Suomalainen Perinnehieronta ja j\u00e4senkorjaus. J\u00e4senkorjauksella tarkoitetaan suomalaiseen kansanperinteeseen perustuvaa selk\u00e4rangan nikamien sek\u00e4 k\u00e4sien ja jalkojen nivelten luonnonmukaista liikehoitoa. Perinnehoitajan ty\u00f6kaluihin kuuluu hieronnan ja siihen yhdistetyn j\u00e4senkorjauksen lis\u00e4ksi esim. pistepainantaa ja syv\u00e4venyttely\u00e4 sek\u00e4 kuivakuppausta. Lis\u00e4\u00e4 tietoa perinnehoidosta ja perinnehoitajat ymp\u00e4ri Suomea l\u00f6yd\u00e4t osoitteesta: perinnehoito.fi Kes\u00e4isin hoitohuoneeni&#8230;<\/p>\n","protected":false},"author":1,"featured_media":0,"parent":0,"menu_order":0,"comment_status":"closed","ping_status":"closed","template":"","meta":{"_kad_post_transparent":"","_kad_post_title":"","_kad_post_layout":"","_kad_post_sidebar_id":"","_kad_post_content_style":"","_kad_post_vertical_padding":"","_kad_post_feature":"","_kad_post_feature_position":"","_kad_post_header":false,"_kad_post_footer":false,"_kad_post_classname":"","footnotes":""},"class_list":["post-17","page","type-page","status-publish","hentry"],"_links":{"self":[{"href":"https:\/\/tuovisulonenkarhu.fi\/index.php?rest_route=\/wp\/v2\/pages\/17","targetHints":{"allow":["GET"]}}],"collection":[{"href":"https:\/\/tuovisulonenkarhu.fi\/index.php?rest_route=\/wp\/v2\/pages"}],"about":[{"href":"https:\/\/tuovisulonenkarhu.fi\/index.php?rest_route=\/wp\/v2\/types\/page"}],"author":[{"embeddable":true,"href":"https:\/\/tuovisulonenkarhu.fi\/index.php?rest_route=\/wp\/v2\/users\/1"}],"replies":[{"embeddable":true,"href":"https:\/\/tuovisulonenkarhu.fi\/index.php?rest_route=%2Fwp%2Fv2%2Fcomments&post=17"}],"version-history":[{"count":6,"href":"https:\/\/tuovisulonenkarhu.fi\/index.php?rest_route=\/wp\/v2\/pages\/17\/revisions"}],"predecessor-version":[{"id":205,"href":"https:\/\/tuovisulonenkarhu.fi\/index.php?rest_route=\/wp\/v2\/pages\/17\/revisions\/205"}],"wp:attachment":[{"href":"https:\/\/tuovisulonenkarhu.fi\/index.php?rest_route=%2Fwp%2Fv2%2Fmedia&parent=17"}],"curies":[{"name":"wp","href":"https:\/\/api.w.org\/{rel}","templated":true}]}}