{"id":239,"date":"2026-02-26T10:14:26","date_gmt":"2026-02-26T10:14:26","guid":{"rendered":"https:\/\/tuovisulonenkarhu.fi\/?page_id=239"},"modified":"2026-03-18T09:16:57","modified_gmt":"2026-03-18T09:16:57","slug":"tapahtumat-ja-kurssit","status":"publish","type":"page","link":"https:\/\/tuovisulonenkarhu.fi\/?page_id=239","title":{"rendered":"Kuvia ja kertomuksia tapahtumista sek\u00e4 kursseilta"},"content":{"rendered":"\n<p>T\u00e4ll\u00e4 sivulla voit tututstua menneiden tapahtumien kohokohtiin ja p\u00e4\u00e4set kursitunnelmiin, jos suunnittelet osalistuvasi tuleville kursseille.<\/p>\n\n\n\n<figure class=\"wp-block-gallery has-nested-images columns-default is-cropped wp-block-gallery-1 is-layout-flex wp-block-gallery-is-layout-flex\">\n<figure class=\"wp-block-image size-large\"><img loading=\"lazy\" decoding=\"async\" width=\"720\" height=\"540\" data-id=\"330\" src=\"https:\/\/tuovisulonenkarhu.fi\/wp-content\/uploads\/2026\/02\/46947_434105680558_3273030_n_434105680558-2.jpg\" alt=\"\" class=\"wp-image-330\" srcset=\"https:\/\/tuovisulonenkarhu.fi\/wp-content\/uploads\/2026\/02\/46947_434105680558_3273030_n_434105680558-2.jpg 720w, https:\/\/tuovisulonenkarhu.fi\/wp-content\/uploads\/2026\/02\/46947_434105680558_3273030_n_434105680558-2-300x225.jpg 300w\" sizes=\"auto, (max-width: 720px) 100vw, 720px\" \/><\/figure>\n<\/figure>\n\n\n\n<div class=\"wp-block-buttons is-layout-flex wp-block-buttons-is-layout-flex\">\n<div class=\"wp-block-button\"><a class=\"wp-block-button__link wp-element-button\" href=\"https:\/\/tuovisulonenkarhu.fi\/?page_id=393\">Tulevat kurssit <\/a><\/div>\n\n\n\n<div class=\"wp-block-button\"><a class=\"wp-block-button__link wp-element-button\">Tulevat tapahtumat<\/a><\/div>\n<\/div>\n\n\n\n<figure class=\"wp-block-image size-full is-resized\"><img loading=\"lazy\" decoding=\"async\" width=\"1920\" height=\"2560\" src=\"https:\/\/tuovisulonenkarhu.fi\/wp-content\/uploads\/2026\/02\/IMG_20200703_144246_1-scaled.jpg\" alt=\"\" class=\"wp-image-241\" style=\"aspect-ratio:0.7500049740355345;width:1052px;height:auto\" srcset=\"https:\/\/tuovisulonenkarhu.fi\/wp-content\/uploads\/2026\/02\/IMG_20200703_144246_1-scaled.jpg 1920w, https:\/\/tuovisulonenkarhu.fi\/wp-content\/uploads\/2026\/02\/IMG_20200703_144246_1-225x300.jpg 225w\" sizes=\"auto, (max-width: 1920px) 100vw, 1920px\" \/><\/figure>\n\n\n\n<p>Naavan torpalla rummun kehien taivutusta. Savu tikustelee silmi\u00e4. J\u00e4nnitys tiivistyy; mahtaako n\u00e4m\u00e4 suorat r\u00e4veet mitenk\u00e4\u00e4n suostua uuteen muotoon.<br> Kuva kes\u00e4lt\u00e4 2019.<\/p>\n\n\n\n<figure class=\"wp-block-gallery has-nested-images columns-default is-cropped wp-block-gallery-2 is-layout-flex wp-block-gallery-is-layout-flex\"><\/figure>\n\n\n\n<figure class=\"wp-block-image size-full is-resized\"><img loading=\"lazy\" decoding=\"async\" width=\"1920\" height=\"2560\" src=\"https:\/\/tuovisulonenkarhu.fi\/wp-content\/uploads\/2026\/02\/IMG_20220522_121031-scaled.jpg\" alt=\"\" class=\"wp-image-240\" style=\"aspect-ratio:0.7500049740355345;width:1062px;height:auto\" srcset=\"https:\/\/tuovisulonenkarhu.fi\/wp-content\/uploads\/2026\/02\/IMG_20220522_121031-scaled.jpg 1920w, https:\/\/tuovisulonenkarhu.fi\/wp-content\/uploads\/2026\/02\/IMG_20220522_121031-225x300.jpg 225w\" sizes=\"auto, (max-width: 1920px) 100vw, 1920px\" \/><figcaption class=\"wp-element-caption\"><em>H\u00e4meenkyr\u00f6ss\u00e4 j\u00e4rjestet\u00e4\u00e4n kev\u00e4isin pakanalliset myyj\u00e4iset.<\/em> T\u00e4m\u00e4 kuva on ensimm\u00e4isist\u00e4 Pakanallisista myyj\u00e4isist\u00e4 H\u00e4meenkyr\u00f6ss\u00e4 vuodelta 2022.<\/figcaption><\/figure>\n\n\n\n<p>T<\/p>\n\n\n\n<figure class=\"wp-block-gallery has-nested-images columns-default is-cropped wp-block-gallery-3 is-layout-flex wp-block-gallery-is-layout-flex\">\n<figure class=\"wp-block-image size-large\"><img loading=\"lazy\" decoding=\"async\" width=\"1024\" height=\"768\" data-id=\"316\" src=\"https:\/\/tuovisulonenkarhu.fi\/wp-content\/uploads\/2026\/02\/IMG-20240616-WA0048-1024x768.jpg\" alt=\"\" class=\"wp-image-316\" srcset=\"https:\/\/tuovisulonenkarhu.fi\/wp-content\/uploads\/2026\/02\/IMG-20240616-WA0048-1024x768.jpg 1024w, https:\/\/tuovisulonenkarhu.fi\/wp-content\/uploads\/2026\/02\/IMG-20240616-WA0048-300x225.jpg 300w, https:\/\/tuovisulonenkarhu.fi\/wp-content\/uploads\/2026\/02\/IMG-20240616-WA0048-768x576.jpg 768w, https:\/\/tuovisulonenkarhu.fi\/wp-content\/uploads\/2026\/02\/IMG-20240616-WA0048.jpg 1600w\" sizes=\"auto, (max-width: 1024px) 100vw, 1024px\" \/><\/figure>\n<\/figure>\n\n\n\n<p>Hiukkastenlavalla veist\u00e4 y\u00f6t\u00f6n y\u00f6 tapahtuma on ker\u00e4nnyt veist\u00e4ji\u00e4 veistomaratooniin jo kolmena kes\u00e4n\u00e4. T\u00e4m\u00e4n kes\u00e4 veisto viikonloppu on j\u00e4llee viikko ennen juhannusta. Lis\u00e4\u00e4 tapahtumasta l\u00e4hemp\u00e4n\u00e4 kes\u00e4kuuta. J\u00e4rjest\u00e4j\u00e4n\u00e4 Luova vaisto ry<\/p>\n\n\n","protected":false},"excerpt":{"rendered":"<p>T\u00e4ll\u00e4 sivulla voit tututstua menneiden tapahtumien kohokohtiin ja p\u00e4\u00e4set kursitunnelmiin, jos suunnittelet osalistuvasi tuleville kursseille. Naavan torpalla rummun kehien taivutusta. Savu tikustelee silmi\u00e4. J\u00e4nnitys tiivistyy; mahtaako n\u00e4m\u00e4 suorat r\u00e4veet mitenk\u00e4\u00e4n suostua uuteen muotoon. Kuva kes\u00e4lt\u00e4 2019. T Hiukkastenlavalla veist\u00e4 y\u00f6t\u00f6n y\u00f6 tapahtuma on ker\u00e4nnyt veist\u00e4ji\u00e4 veistomaratooniin jo kolmena kes\u00e4n\u00e4. T\u00e4m\u00e4n kes\u00e4 veisto viikonloppu on j\u00e4llee&#8230;<\/p>\n","protected":false},"author":1,"featured_media":0,"parent":0,"menu_order":0,"comment_status":"closed","ping_status":"closed","template":"","meta":{"_kad_post_transparent":"","_kad_post_title":"","_kad_post_layout":"","_kad_post_sidebar_id":"","_kad_post_content_style":"","_kad_post_vertical_padding":"","_kad_post_feature":"","_kad_post_feature_position":"","_kad_post_header":false,"_kad_post_footer":false,"_kad_post_classname":"","footnotes":""},"class_list":["post-239","page","type-page","status-publish","hentry"],"_links":{"self":[{"href":"https:\/\/tuovisulonenkarhu.fi\/index.php?rest_route=\/wp\/v2\/pages\/239","targetHints":{"allow":["GET"]}}],"collection":[{"href":"https:\/\/tuovisulonenkarhu.fi\/index.php?rest_route=\/wp\/v2\/pages"}],"about":[{"href":"https:\/\/tuovisulonenkarhu.fi\/index.php?rest_route=\/wp\/v2\/types\/page"}],"author":[{"embeddable":true,"href":"https:\/\/tuovisulonenkarhu.fi\/index.php?rest_route=\/wp\/v2\/users\/1"}],"replies":[{"embeddable":true,"href":"https:\/\/tuovisulonenkarhu.fi\/index.php?rest_route=%2Fwp%2Fv2%2Fcomments&post=239"}],"version-history":[{"count":9,"href":"https:\/\/tuovisulonenkarhu.fi\/index.php?rest_route=\/wp\/v2\/pages\/239\/revisions"}],"predecessor-version":[{"id":537,"href":"https:\/\/tuovisulonenkarhu.fi\/index.php?rest_route=\/wp\/v2\/pages\/239\/revisions\/537"}],"wp:attachment":[{"href":"https:\/\/tuovisulonenkarhu.fi\/index.php?rest_route=%2Fwp%2Fv2%2Fmedia&parent=239"}],"curies":[{"name":"wp","href":"https:\/\/api.w.org\/{rel}","templated":true}]}}