{"id":353,"date":"2026-02-27T11:03:18","date_gmt":"2026-02-27T11:03:18","guid":{"rendered":"https:\/\/tuovisulonenkarhu.fi\/?page_id=353"},"modified":"2026-04-22T10:39:28","modified_gmt":"2026-04-22T10:39:28","slug":"tulevat-kurssit","status":"publish","type":"page","link":"https:\/\/tuovisulonenkarhu.fi\/?page_id=353","title":{"rendered":"Rummunrakennus retriitti"},"content":{"rendered":"\n<figure class=\"wp-block-gallery has-nested-images columns-default is-cropped wp-block-gallery-1 is-layout-flex wp-block-gallery-is-layout-flex\">\n<figure class=\"wp-block-image size-large\"><img loading=\"lazy\" decoding=\"async\" width=\"1920\" height=\"2560\" data-id=\"294\" src=\"https:\/\/tuovisulonenkarhu.fi\/wp-content\/uploads\/2026\/02\/IMG_20200703_144246_1-1-scaled.jpg\" alt=\"\" class=\"wp-image-294\" srcset=\"https:\/\/tuovisulonenkarhu.fi\/wp-content\/uploads\/2026\/02\/IMG_20200703_144246_1-1-scaled.jpg 1920w, https:\/\/tuovisulonenkarhu.fi\/wp-content\/uploads\/2026\/02\/IMG_20200703_144246_1-1-225x300.jpg 225w\" sizes=\"auto, (max-width: 1920px) 100vw, 1920px\" \/><figcaption class=\"wp-element-caption\">Keh\u00e4r\u00e4veiden taivutusta tornihotellin suojissa<\/figcaption><\/figure>\n\n\n\n<figure class=\"wp-block-image size-large\"><img loading=\"lazy\" decoding=\"async\" width=\"720\" height=\"960\" data-id=\"351\" src=\"https:\/\/tuovisulonenkarhu.fi\/wp-content\/uploads\/2026\/02\/facebook_1639659157788_6877228964148255125.jpg\" alt=\"\" class=\"wp-image-351\" srcset=\"https:\/\/tuovisulonenkarhu.fi\/wp-content\/uploads\/2026\/02\/facebook_1639659157788_6877228964148255125.jpg 720w, https:\/\/tuovisulonenkarhu.fi\/wp-content\/uploads\/2026\/02\/facebook_1639659157788_6877228964148255125-225x300.jpg 225w\" sizes=\"auto, (max-width: 720px) 100vw, 720px\" \/><\/figure>\n\n\n\n<figure class=\"wp-block-image size-large\"><img loading=\"lazy\" decoding=\"async\" width=\"1920\" height=\"2560\" data-id=\"271\" src=\"https:\/\/tuovisulonenkarhu.fi\/wp-content\/uploads\/2026\/02\/IMG_20211031_184003-scaled.jpg\" alt=\"\" class=\"wp-image-271\"\/><\/figure>\n<\/figure>\n\n\n\n<p><\/p>\n\n\n\n<p class=\"has-medium-font-size\"><strong>Rummunrakennus retriitti 5-7.6. 2026<\/strong> <br><em><strong>310\u20ac -360\u20ac<\/strong><\/em><br>Aikaisen varaajan etu 310\u20ac voimassa 24.4 asti<\/p>\n\n\n\n<p class=\"has-small-font-size\"><strong>Retriitti maksu sis\u00e4lt\u00e4\u00e4<\/strong><br>Rumpumateriaalit<br>Opetuksen ja ohjauksen<br>P\u00e4\u00e4ruoat. Varaa mukaan v\u00e4lipaloja tarpeesi mukaan<br>Majoitus on p\u00e4\u00e4asiassa yhteismajoitus. Muutamia kahden ja yhden hengen tilajo l\u00f6ytyy<br>Sauna<\/p>\n\n\n\n<p><strong>P\u00e4hkin\u00e4n kuoressa<\/strong><br>Kolmen p\u00e4iv\u00e4n aikana suostutellaan l\u00e4hteess\u00e4 liotetut r\u00e4veet tulella keh\u00e4n muotoon. V\u00e4rj\u00e4t\u00e4\u00e4n nahka, suunnitellaan solminta ja leikataan nahka kah\u00e4lle sopivaksi kalvoksi. Viimeistell\u00e4\u00e4n ja liimataan keh\u00e4. Valmistetaan ja koristellaan soittokapula. Sy\u00f6d\u00e4\u00e4n yhdess\u00e4 nuotiolla valmistettua ruokaa, nukutaan luonnon helmassa, saunotaan ja k\u00e4yd\u00e4\u00e4n uimassa. Vihit\u00e4\u00e4n rummut.<\/p>\n\n\n\n<p><strong>Aikataulu<\/strong> <strong>ja ohjelma<\/strong><\/p>\n\n\n\n<p>Perjantai<\/p>\n\n\n\n<p>Klo 16 alkaen saapuminen Naavan Torpalle. Tervehdykset ja kahvitarjoilu. Asetutaan taloksi.<br>klo 17 K\u00e4yd\u00e4\u00e4n l\u00e4pi viikonlopun aikataulua sek\u00e4 valitaan rummunrakennusmateriaalit<br>klo 18 Keh\u00e4n taivutus<br>klo 20.30 Iltapala <br>klo 21 Iltahetki; rakennettakorjaava tanssi nuotiolla<\/p>\n\n\n\n<p>Lauantai<\/p>\n\n\n\n<p>Klo 8 alkaen aamupala<br>Klo 10 rummun rakennus alkaa<br>Klo 12 Lounas<br>Klo 15 v\u00e4lipalaa ja kahvia<br>Klo 18 P\u00e4iv\u00e4llinen jonka j\u00e4lkeen saunaan. <br>Klo 21 Iltapala<br>Klo 21.30 asanat ja meditaatio nuotiolla<br><\/p>\n\n\n\n<p>Sunnuntai<\/p>\n\n\n\n<p>klo 8 aamuvirkkujen jooga<br>Klo 9 aamupala<br>Klo 10 Rummun rakennus jatkuu<br>Klo 12 Lounas<br>Klo 14.30 Kahvitauko<br>Su klo 15 rummun vihkiseremonia ja kotiin l\u00e4ht\u00f6<br><\/p>\n\n\n\n<p><strong>Ruokaa laitetaan yhdess\u00e4<\/strong>. <br>Kerro ilmottautumisen yhteydess\u00e4 allergiat ja muut ruokailuun liittyv\u00e4t huomioon otettavat asiat.<br>Aamupalana on puuroa, leip\u00e4\u00e4 ja teet sek\u00e4 kahvit. <br>Lounaalla sy\u00f6d\u00e4\u00e4n muhevia keittoja.<br>P\u00e4iv\u00e4lliseksi paistetaan runsasmunaisia r\u00e4isk\u00e4leit\u00e4, jonka voi t\u00e4ytt\u00e4\u00e4 tortillan tyyliin oman maun mukaan herkullisilla t\u00e4ytteill\u00e4.<\/p>\n\n\n\n<p><strong>Naavan torppa<\/strong><br> on edelleen kuin silloin sata vuotta sitten, eik\u00e4 s\u00e4hk\u00f6\u00e4 ole ja vesikin juoksee laiskasti yl\u00e4m\u00e4keen, saattaisin kutsua sit\u00e4 jopa rahjustamiseksi, ellen paremmin tiet\u00e4isi. Kuka sen keksi kaivon sijoittaa tontin reunalle m\u00e4en alle. Haban kasvua ei voi est\u00e4\u00e4.<br>Juomaveden otan kuitenkin matkaan n\u00e4ist\u00e4 nykyaikaisista putkista.<\/p>\n\n\n\n<p>Rummun rakennus tapahtuu p\u00e4\u00e4asiassa k\u00e4sity\u00f6kaluilla. <strong><em>Ota mukaan <\/em>pyyhe rummulle ja ter\u00e4v\u00e4t sakset.<\/strong> Kaikki ty\u00f6kalut l\u00f6ytyv\u00e4t kyll\u00e4, mutta ter\u00e4vi\u00e4 saksia ei mik\u00e4\u00e4n voita nahkaa leikatessa.<br>Pyyhkeen rummulle tarvitset pit\u00e4\u00e4ksesi nahan kokoajan kosteana.<\/p>\n\n\n\n<p><strong>Rumpunahoista<\/strong><br>Voit valita rumpusi kalvoksi joko H\u00e4meenkyr\u00f6ss\u00e4 kirmanneen peuran tai kauriin nahan, tai sitten tehdasvalmisteisen poron nahan. Molempi parempi sanoisin, tykk\u00e4\u00e4n kummankin kalvon \u00e4\u00e4nest\u00e4. Jos heti tied\u00e4t mink\u00e4 nahan haluat, niin kerro se ilmottautumisen yhteydess\u00e4. Muuten tunnustellaan perjantaina mik\u00e4 v\u00e4r\u00e4htelee sinun pirtaasi parhaiten. Peuran ja kauriin nahat putsailen k\u00e4sin, poron nahat ovat tilaustavaraa ja tulevat Kemist\u00e4. <\/p>\n\n\n\n<p><strong>Keh\u00e4t<\/strong> <br>ovat H\u00e4meenkyr\u00f6l\u00e4ist\u00e4 haapaa ja likoavat luonnonkauniissa l\u00e4hteess\u00e4.<\/p>\n\n\n\n<p><strong>Viritett\u00e4v\u00e4 rumpu<\/strong><br>Jos haluat rumpuusi py\u00f6r\u00e4nkumi virityksen, ota mukaan kumi tai kerro ilmottautumisen yhteydess\u00e4 toiveestasi niin voin hommata sen valmiiksi. Hinta akaen +5\u20ac. Akkarumpuun tarvitset18-20 tuumaisen py\u00f6r\u00e4nkumin ja Ukkorumpuun 24-26 tuumaisen py\u00f6r\u00e4nkumin. Mahdollista on laittaa rumpuun my\u00f6s viritystapit. Valmiin viritystappipaketin hinta on 20e.<\/p>\n\n\n\n<p>Viritett\u00e4v\u00e4n rummun etuna on sen lis\u00e4ksi, ett\u00e4 rummun saa soimaan kelill\u00e4 kuin kelill\u00e4 ilman tulta tai hiustenkuivaajaa, my\u00f6s autossa kuljetuksen ja pakkaskelien kuivattaman ilman aikainen mahdollisuus l\u00f6ys\u00e4t\u00e4 kalvo lep\u00e4\u00e4m\u00e4\u00e4n, jolloin kalvon repe\u00e4misen riski ei ole niin suuri. Toki kalvon k<em>ostutus<\/em> kuivalla tai kuumalla kelill\u00e4 on ihan hyv\u00e4 vaihtoehto, ehk\u00e4 hieman ty\u00f6l\u00e4\u00e4mpi vain.<\/p>\n\n\n\n<p><strong>V\u00e4rj\u00e4ys<\/strong><br>Nahan v\u00e4rj\u00e4ykseen on k\u00e4yt\u00f6ss\u00e4 helppo ja tasav\u00e4riset pulveripetsit tai vaikeammin ennustettavat mutta hurmaavat kasviv\u00e4rit, joita voidaan keitell\u00e4 kurssin edetess\u00e4 padoissa nuotiolla. Rummun kalvoa voi maalata j\u00e4lkeenp\u00e4in akryyleill\u00e4 tai henna hiusv\u00e4rill\u00e4. Kokeellista nahanv\u00e4rj\u00e4yst\u00e4 voidaan tehd\u00e4 maapikmenteill\u00e4 ja munatemperalla.<\/p>\n\n\n\n<p><strong>Rummun kahva<\/strong>, k\u00e4densia tai mik\u00e4 lie se on mist\u00e4 pidet\u00e4\u00e4n kiinni<br>Sen tekemiseen onkin sitten lukemattomia mahdollisuuksia; Luonnon oksa, nahkapunos, luu tai voit veist\u00e4\u00e4 sen pehme\u00e4st\u00e4 lehmuksesta juuri haluamaasi muotoon, punoa juurista tai v\u00e4\u00e4nt\u00e4\u00e4 pajusta. <\/p>\n\n\n\n<p><strong>Soittokapula<\/strong><br>Voit tehd\u00e4 soittokapulan puusta tai luusta, hakea oksan l\u00e4himets\u00e4st\u00e4 tai vied\u00e4 \u00e4idin puurokauhan. Soittokapulan p\u00e4\u00e4h\u00e4n voi huovuttaa pehmustimen tai kiinnitt\u00e4\u00e4 siihen palan turkista. Ja tietenkin koristella se kaikilla kauniilla jutuilla ja puolijalokivill\u00e4, joita voit ottaa my\u00f6s kotoa mukaan, maalata maav\u00e4reill\u00e4 sek\u00e4 lehtimetalleilla, laittaa sulkia liehumaan ja tiukuja helin\u00e4ll\u00e4\u00e4n houkuttelemaan suotuisia henki\u00e4 rumpumatkallesi.<\/p>\n\n\n\n<p><strong>Majoitus<\/strong><br>Torppa on eritt\u00e4in pieni ja saammekin olla kuin sillit purkissa. Ei vaisinkaan, sopu sijaa antaa ja torpan sis\u00e4lle sopii nukkumaan viisi, joista kolme on yksil\u00f6s\u00e4nkyj\u00e4 ja yksi parisanky, ei erillisi\u00e4 huoneita. Sen lis\u00e4ksi meill\u00e4 on Tornihotelli jonne sopii kaksi tai kolme, saunan pukuhuone jonne sopii yksi ja kellarim\u00f6kkiin sopii my\u00f6s 2-3. Teltta tai riippumatto on my\u00f6s ihan kiva vaihtoehto, kaivatessasi enemm\u00e4n omaa rauhaa. Jos vett\u00e4 tulee kaatamalla, niin teltan voi pystytt\u00e4\u00e4 vesitemppelin katoksen alle, tai tornihotellin suojaan. Ja siit\u00e4 p\u00e4\u00e4st\u00e4\u00e4nkin siihen s\u00e4\u00e4h\u00e4n;<br>Rummun rakennus tapahtuu p\u00e4\u00e4asiassa ulkona ja s\u00e4\u00e4n mukainen vaatetus on suositeltavaa ellei jopa pakollista. Jos on sateista, pystytet\u00e4\u00e4n pihaan tiipii, miss\u00e4 ei tarvitse koko ajan laskea p\u00e4\u00e4h\u00e4n tippuvia pisaroita. <\/p>\n\n\n\n<p>Lapset mukaan ja lapsenvahti, jos niille ei viel\u00e4 ole kasvanut korvia. Tie on tontin reunassa ja siina ajetaan lujaa. Portti tielle saadaan kiinni, mutta joka suuntaan on mahdollista vipelt\u00e4\u00e4 jos emot uppoaa rummunvalmistuksen sy\u00f6vereihin. Lapsen piikoja on mahdollista ostaa ja hinta on sovittavissa.<br>Mukaan otettavan aikuisen lapsenvahdin ruokailut, sauna ja majoitus 60\u20ac\/vkl ja teini-ik\u00e4isenlapsenvahdin ruokailut, sauna ja majoitus 40\u20ac\/vkl. Alle 10v. mukana olevat lapset sy\u00f6 saunoo ja nukkuu maksutta. <br> Huomioithan, ettei kurssin hintaan sis\u00e4lly tapaturmavakuutusta ja lapset ovat koko viikonlopun vanhenpien vastuulla.<\/p>\n\n\n\n<p><\/p>\n\n\n\n<p class=\"has-small-font-size\">Early Bird-hinta <strong><em>310\u20ac<\/em><\/strong> on voimassa ilmoittautuessasi ja maksaessasi koko maksun 24.4.2026 menness\u00e4. <br>Normaalihinta 25.4 2026 alkaen <strong>360\u20ac<\/strong> jonka voit maksaa halutessasi kahdessa er\u00e4ss\u00e4; varausmaksu 100\u20ac ilmottautumisen yhteydess\u00e4 ja 250\u20ac er\u00e4p\u00e4iv\u00e4\u00e4n 15.5 menness\u00e4.<br>Ilmottautuessasi 15.5 j\u00e4lkeen, kurssi maksetaan kokonaisuudessaan ilmoittautumisen yhteydess\u00e4.<br>Peruutusehdot alhaalla.<\/p>\n\n\n\n<p class=\"has-small-font-size\"><strong>Ilmoittautumiset s\u00e4hk\u00f6postitse tuovisulonenkarhu@gmail.com <\/strong><br>Saat paluupostissa maksutiedot ja voit valita joko laskun tai mobilepayn. Paikkasi varmistuu maksun suoritettuasi.<br><\/p>\n\n\n\n<p><\/p>\n\n\n\n<figure class=\"wp-block-gallery has-nested-images columns-default is-cropped wp-block-gallery-2 is-layout-flex wp-block-gallery-is-layout-flex\">\n<figure class=\"wp-block-image size-large\"><img loading=\"lazy\" decoding=\"async\" width=\"720\" height=\"540\" data-id=\"354\" src=\"https:\/\/tuovisulonenkarhu.fi\/wp-content\/uploads\/2026\/02\/facebook_1639659143671_6877228904938235802.jpg\" alt=\"\" class=\"wp-image-354\" srcset=\"https:\/\/tuovisulonenkarhu.fi\/wp-content\/uploads\/2026\/02\/facebook_1639659143671_6877228904938235802.jpg 720w, https:\/\/tuovisulonenkarhu.fi\/wp-content\/uploads\/2026\/02\/facebook_1639659143671_6877228904938235802-300x225.jpg 300w\" sizes=\"auto, (max-width: 720px) 100vw, 720px\" \/><\/figure>\n\n\n\n<figure class=\"wp-block-image size-large\"><img decoding=\"async\" data-id=\"289\" src=\"https:\/\/tuovisulonenkarhu.fi\/wp-content\/uploads\/2026\/02\/IMG_20230610_104037.jpg\" alt=\"\" class=\"wp-image-289\"\/><figcaption class=\"wp-element-caption\">oneplus_2799<\/figcaption><\/figure>\n\n\n\n<figure class=\"wp-block-image size-large\"><img loading=\"lazy\" decoding=\"async\" width=\"937\" height=\"704\" data-id=\"201\" src=\"https:\/\/tuovisulonenkarhu.fi\/wp-content\/uploads\/2026\/02\/IMG_20241204_112822.jpg\" alt=\"\" class=\"wp-image-201\" srcset=\"https:\/\/tuovisulonenkarhu.fi\/wp-content\/uploads\/2026\/02\/IMG_20241204_112822.jpg 937w, https:\/\/tuovisulonenkarhu.fi\/wp-content\/uploads\/2026\/02\/IMG_20241204_112822-300x225.jpg 300w, https:\/\/tuovisulonenkarhu.fi\/wp-content\/uploads\/2026\/02\/IMG_20241204_112822-768x577.jpg 768w\" sizes=\"auto, (max-width: 937px) 100vw, 937px\" \/><\/figure>\n<\/figure>\n\n\n\n<p>Mustikalla ja aronialla v\u00e4rj\u00e4ttyj\u00e4 peuran nahkoja, poronnahan v\u00e4rj\u00e4yst\u00e4 mustikalla ja Torpan nurkka.<\/p>\n\n\n\n<figure class=\"wp-block-image size-full\"><img loading=\"lazy\" decoding=\"async\" width=\"703\" height=\"936\" src=\"https:\/\/tuovisulonenkarhu.fi\/wp-content\/uploads\/2026\/02\/IMG_20241201_154815.jpg\" alt=\"\" class=\"wp-image-196\" srcset=\"https:\/\/tuovisulonenkarhu.fi\/wp-content\/uploads\/2026\/02\/IMG_20241201_154815.jpg 703w, https:\/\/tuovisulonenkarhu.fi\/wp-content\/uploads\/2026\/02\/IMG_20241201_154815-225x300.jpg 225w\" sizes=\"auto, (max-width: 703px) 100vw, 703px\" \/><\/figure>\n\n\n\n<p>Joskus keh\u00e4n liimaukseen tarvitaan enemm\u00e4nkin puristimia, ei kuitenkaan aina. Onneksi.<\/p>\n\n\n\n<figure class=\"wp-block-image size-large\"><img loading=\"lazy\" decoding=\"async\" width=\"768\" height=\"1024\" src=\"https:\/\/tuovisulonenkarhu.fi\/wp-content\/uploads\/2026\/02\/IMG-20240323-WA0026-768x1024.jpg\" alt=\"\" class=\"wp-image-309\" srcset=\"https:\/\/tuovisulonenkarhu.fi\/wp-content\/uploads\/2026\/02\/IMG-20240323-WA0026-768x1024.jpg 768w, https:\/\/tuovisulonenkarhu.fi\/wp-content\/uploads\/2026\/02\/IMG-20240323-WA0026-225x300.jpg 225w, https:\/\/tuovisulonenkarhu.fi\/wp-content\/uploads\/2026\/02\/IMG-20240323-WA0026-1152x1536.jpg 1152w, https:\/\/tuovisulonenkarhu.fi\/wp-content\/uploads\/2026\/02\/IMG-20240323-WA0026.jpg 1200w\" sizes=\"auto, (max-width: 768px) 100vw, 768px\" \/><\/figure>\n\n\n\n<p>Keh\u00e4n v\u00e4rj\u00e4yst\u00e4 tummalla \u00f6ljyll\u00e4 ja nahan v\u00e4rin testausta. Rumpuun on veistetty kahva.<\/p>\n\n\n\n<figure class=\"wp-block-gallery has-nested-images columns-default is-cropped wp-block-gallery-3 is-layout-flex wp-block-gallery-is-layout-flex\">\n<figure class=\"wp-block-image size-large\"><img decoding=\"async\" data-id=\"253\" src=\"https:\/\/tuovisulonenkarhu.fi\/wp-content\/uploads\/2026\/02\/IMG_20200704_170045.jpg\" alt=\"\" class=\"wp-image-253\"\/><\/figure>\n<\/figure>\n\n\n\n<p>Karvat irrotetaan joko tuhkalipe\u00e4ll\u00e4 tai kalkilla. Aina kaikki eiv\u00e4t irtoa ja niit\u00e4 voikin sitten leikata siistimm\u00e4ksi.<\/p>\n\n\n\n<p><\/p>\n\n\n\n<div class=\"wp-block-buttons is-layout-flex wp-block-buttons-is-layout-flex\">\n<div class=\"wp-block-button\"><a class=\"wp-block-button__link wp-element-button\" href=\"https:\/\/tuovisulonenkarhu.fi\/?page_id=448\">Peruutusehdot<\/a><\/div>\n<\/div>\n\n\n\n<p><\/p>\n","protected":false},"excerpt":{"rendered":"<p>Rummunrakennus retriitti 5-7.6. 2026 310\u20ac -360\u20acAikaisen varaajan etu 310\u20ac voimassa 24.4 asti Retriitti maksu sis\u00e4lt\u00e4\u00e4RumpumateriaalitOpetuksen ja ohjauksenP\u00e4\u00e4ruoat. Varaa mukaan v\u00e4lipaloja tarpeesi mukaanMajoitus on p\u00e4\u00e4asiassa yhteismajoitus. Muutamia kahden ja yhden hengen tilajo l\u00f6ytyySauna P\u00e4hkin\u00e4n kuoressaKolmen p\u00e4iv\u00e4n aikana suostutellaan l\u00e4hteess\u00e4 liotetut r\u00e4veet tulella keh\u00e4n muotoon. V\u00e4rj\u00e4t\u00e4\u00e4n nahka, suunnitellaan solminta ja leikataan nahka kah\u00e4lle sopivaksi kalvoksi. Viimeistell\u00e4\u00e4n ja&#8230;<\/p>\n","protected":false},"author":1,"featured_media":0,"parent":0,"menu_order":0,"comment_status":"closed","ping_status":"closed","template":"","meta":{"_kad_post_transparent":"","_kad_post_title":"","_kad_post_layout":"","_kad_post_sidebar_id":"","_kad_post_content_style":"","_kad_post_vertical_padding":"","_kad_post_feature":"","_kad_post_feature_position":"","_kad_post_header":false,"_kad_post_footer":false,"_kad_post_classname":"","footnotes":""},"class_list":["post-353","page","type-page","status-publish","hentry"],"_links":{"self":[{"href":"https:\/\/tuovisulonenkarhu.fi\/index.php?rest_route=\/wp\/v2\/pages\/353","targetHints":{"allow":["GET"]}}],"collection":[{"href":"https:\/\/tuovisulonenkarhu.fi\/index.php?rest_route=\/wp\/v2\/pages"}],"about":[{"href":"https:\/\/tuovisulonenkarhu.fi\/index.php?rest_route=\/wp\/v2\/types\/page"}],"author":[{"embeddable":true,"href":"https:\/\/tuovisulonenkarhu.fi\/index.php?rest_route=\/wp\/v2\/users\/1"}],"replies":[{"embeddable":true,"href":"https:\/\/tuovisulonenkarhu.fi\/index.php?rest_route=%2Fwp%2Fv2%2Fcomments&post=353"}],"version-history":[{"count":41,"href":"https:\/\/tuovisulonenkarhu.fi\/index.php?rest_route=\/wp\/v2\/pages\/353\/revisions"}],"predecessor-version":[{"id":654,"href":"https:\/\/tuovisulonenkarhu.fi\/index.php?rest_route=\/wp\/v2\/pages\/353\/revisions\/654"}],"wp:attachment":[{"href":"https:\/\/tuovisulonenkarhu.fi\/index.php?rest_route=%2Fwp%2Fv2%2Fmedia&parent=353"}],"curies":[{"name":"wp","href":"https:\/\/api.w.org\/{rel}","templated":true}]}}