{"id":402,"date":"2026-02-28T06:16:05","date_gmt":"2026-02-28T06:16:05","guid":{"rendered":"https:\/\/tuovisulonenkarhu.fi\/?page_id=402"},"modified":"2026-04-22T09:11:02","modified_gmt":"2026-04-22T09:11:02","slug":"rukin-huolto-kurssi","status":"publish","type":"page","link":"https:\/\/tuovisulonenkarhu.fi\/?page_id=402","title":{"rendered":"Rukin huolto kurssi"},"content":{"rendered":"\n<p><\/p>\n\n\n\n<p>Rukin huolto se onkin mit\u00e4 mielenkiintoisinta hommaa. N\u00e4m\u00e4 vanhat puusep\u00e4n mestariteokset ovat kasvattaneen pitk\u00e4n el\u00e4m\u00e4ns\u00e4 aikana vahvan luonteen ja jotkin niist\u00e4 todenn\u00e4k\u00f6isesti ovatkin p\u00e4\u00e4tt\u00e4neet olla korjauskelvottomia. Kun tulet rukinhuoltokurssilleni ota huomioon seuraavat asiat rukkisi kunnossa. Siin\u00e4 tulee olla kaikki sorvatut osat eli katso seuraava kuva ja vertaa omaan rukkiisi. Kurssi tapahtuu luonnonkauniin Naavan torpan vaikutusalueella ja meill\u00e4 on k\u00e4yt\u00f6ss\u00e4 p\u00e4\u00e4asiassa k\u00e4sity\u00f6kaluja. Akkuty\u00f6kaluja k\u00e4ytet\u00e4\u00e4n jos niille on tarvetta, mutta niill\u00e4 ei voi tehd\u00e4 rakenteessa olevia puutteita kuten reisi\u00e4, py\u00f6r\u00e4\u00e4, lyhty\u00e4, \u00e4mm\u00e4\u00e4 tai \u00e4mm\u00e4nruuvia, tarkista siis, ett\u00e4 n\u00e4m\u00e4 osat l\u00f6ytyv\u00e4t ja ovat suurinpiirtein kokonaiset. Halkeamia ja l\u00f6ystymist\u00e4 ei lasketa ja rukki voi toimia ihan hyvin vaikka muutama pinna py\u00f6r\u00e4st\u00e4 puuttuisi. Esimerkiksi liipotin ja poljin onnistutaan valmistamaan kokonaan alusta, jos ne puuttuvat. Se mit\u00e4 kurssilla siis tapahtuu on p\u00e4\u00e4asiassa puhdistamista, osien limaamista ja rakenteen suoristamista, uusien ny\u00f6rien ja koukkujen vaihtamista. Tekemist\u00e4 siis riitt\u00e4\u00e4, koska vuosia k\u00e4ytt\u00e4m\u00e4t\u00f6n rukki on ravistunut ja l\u00f6ystynyt niin, ettei ny\u00f6ri useinkaan pysy urillaan ilman monimutkaisia huoltotoimenpiteit\u00e4.<\/p>\n\n\n\n<p>2-3.5.2026<br>Kahden p\u00e4iv\u00e4n kurssi hinta 290e<\/p>\n\n\n\n<p><\/p>\n\n\n\n<p>Sis\u00e4lt\u00e4\u00e4 majoituksen omilla lakanoilla.<br>Sauna<br>Jooga asanat ja rakenetta korjaava tanssi<br>P\u00e4\u00e4ruoat jotka valmistamme yhdess\u00e4 nuotiolla tai kaasukrilliss\u00e4<br>Rukinhuoltoon sis\u00e4tyv\u00e4t korjausmateriaalit<br>Opetuksen ja ohjauksen<\/p>\n\n\n\n<p>Ilmottaudu s\u00e4hkopostilla ja saat paluuviestill\u00e4 ilmottautumis- ja maksu ohjeet<\/p>\n\n\n\n<p>Ota mukaan Rukki, s\u00e4\u00e4nmukainen vaatetus ja henkil\u00f6kohtaiset tarvkkeet sek\u00e4 lakanat tai makuupussi ja pyyhe.  Varaa mukaan my\u00f6s v\u00e4lipaa jos haluat napostella ruokailujen ja kahvitaukojen lomassa. Huollamme rukkia lauantai aamusta klo 10 sunnuntai iltaan klo 17 asti ja taukoja pidet\u00e4\u00e4n aina kun se tuntuu tarpeelliselta. Lauantai iltana saunotaan ja ohjaan joko jooga asanat tai rakennettakorjaavan tanssitreenin tai n\u00e4iden yhdistelm\u00e4n, katsotaan mik\u00e4 tuntuu sill\u00e4hetkell\u00e4 sopivimmalta. <\/p>\n\n\n\n<div class=\"wp-block-buttons is-layout-flex wp-block-buttons-is-layout-flex\">\n<div class=\"wp-block-button\"><a class=\"wp-block-button__link wp-element-button\" href=\"https:\/\/tuovisulonenkarhu.fi\/?page_id=19\">Ilmottaudu t\u00e4st\u00e4<\/a><\/div>\n<\/div>\n\n\n\n<figure class=\"wp-block-gallery has-nested-images columns-default is-cropped wp-block-gallery-1 is-layout-flex wp-block-gallery-is-layout-flex\">\n<figure class=\"wp-block-image size-large\"><img loading=\"lazy\" decoding=\"async\" width=\"683\" height=\"1024\" data-id=\"612\" src=\"https:\/\/tuovisulonenkarhu.fi\/wp-content\/uploads\/2026\/04\/image-683x1024.png\" alt=\"\" class=\"wp-image-612\" srcset=\"https:\/\/tuovisulonenkarhu.fi\/wp-content\/uploads\/2026\/04\/image-683x1024.png 683w, https:\/\/tuovisulonenkarhu.fi\/wp-content\/uploads\/2026\/04\/image-200x300.png 200w, https:\/\/tuovisulonenkarhu.fi\/wp-content\/uploads\/2026\/04\/image-768x1152.png 768w, https:\/\/tuovisulonenkarhu.fi\/wp-content\/uploads\/2026\/04\/image.png 1024w\" sizes=\"auto, (max-width: 683px) 100vw, 683px\" \/><\/figure>\n<\/figure>\n\n\n\n<p>1.Poljin <br>2.jalka<br>3. etukorvakko<br>4.\u00e4mm\u00e4 ja satula<br>5. kyyn\u00e4puun kolo<br>6. py\u00f6r\u00e4 ja ny\u00f6ri<br>7. etuaisa<br>8. Lyhty, kehr\u00e4, hampaat, piippu, rulla<br>10. liipotin<br>11. jalka<\/p>\n\n\n\n<p>Rukissa pit\u00e4isi olla seuraavat osat, mutta niiss\u00e4 olevia puutteita voidaan korjata. Ilmottautumisen yhteydess\u00e4 voit laittaa kuvan minulle s\u00e4hk\u00f6postiin, jotta voin arvioida korjausmahdollisuudet.<br>Runko, halkeamat ja kuhmut kuuluvat asiaan <br>Reidet, saa olla l\u00f6ys\u00e4ll\u00e4, mutta molemmat tarvitaan<br>Py\u00f6r\u00e4- yksitt\u00e4isi\u00e4 pinnoja saa puutua tai ne voivat olla poikki. <br>Lyhty, hampaita voi puuttua tai ne ovat vanhat ja ruoteiset. Toinen lyhdyn korva tai molemmat voivat olla poikki mutta ne ovat olemassa. Torven, rullan ja kehr\u00e4n tulee olla mukana.  Etu ja takakorvakot olisi hyv\u00e4 olla ehj\u00e4t. Mahdollista korjaus voi onnistua<\/p>\n","protected":false},"excerpt":{"rendered":"<p>Rukin huolto se onkin mit\u00e4 mielenkiintoisinta hommaa. N\u00e4m\u00e4 vanhat puusep\u00e4n mestariteokset ovat kasvattaneen pitk\u00e4n el\u00e4m\u00e4ns\u00e4 aikana vahvan luonteen ja jotkin niist\u00e4 todenn\u00e4k\u00f6isesti ovatkin p\u00e4\u00e4tt\u00e4neet olla korjauskelvottomia. Kun tulet rukinhuoltokurssilleni ota huomioon seuraavat asiat rukkisi kunnossa. Siin\u00e4 tulee olla kaikki sorvatut osat eli katso seuraava kuva ja vertaa omaan rukkiisi. Kurssi tapahtuu luonnonkauniin Naavan torpan vaikutusalueella&#8230;<\/p>\n","protected":false},"author":1,"featured_media":0,"parent":0,"menu_order":0,"comment_status":"closed","ping_status":"closed","template":"","meta":{"_kad_post_transparent":"","_kad_post_title":"","_kad_post_layout":"","_kad_post_sidebar_id":"","_kad_post_content_style":"","_kad_post_vertical_padding":"","_kad_post_feature":"","_kad_post_feature_position":"","_kad_post_header":false,"_kad_post_footer":false,"_kad_post_classname":"","footnotes":""},"class_list":["post-402","page","type-page","status-publish","hentry"],"_links":{"self":[{"href":"https:\/\/tuovisulonenkarhu.fi\/index.php?rest_route=\/wp\/v2\/pages\/402","targetHints":{"allow":["GET"]}}],"collection":[{"href":"https:\/\/tuovisulonenkarhu.fi\/index.php?rest_route=\/wp\/v2\/pages"}],"about":[{"href":"https:\/\/tuovisulonenkarhu.fi\/index.php?rest_route=\/wp\/v2\/types\/page"}],"author":[{"embeddable":true,"href":"https:\/\/tuovisulonenkarhu.fi\/index.php?rest_route=\/wp\/v2\/users\/1"}],"replies":[{"embeddable":true,"href":"https:\/\/tuovisulonenkarhu.fi\/index.php?rest_route=%2Fwp%2Fv2%2Fcomments&post=402"}],"version-history":[{"count":9,"href":"https:\/\/tuovisulonenkarhu.fi\/index.php?rest_route=\/wp\/v2\/pages\/402\/revisions"}],"predecessor-version":[{"id":639,"href":"https:\/\/tuovisulonenkarhu.fi\/index.php?rest_route=\/wp\/v2\/pages\/402\/revisions\/639"}],"wp:attachment":[{"href":"https:\/\/tuovisulonenkarhu.fi\/index.php?rest_route=%2Fwp%2Fv2%2Fmedia&parent=402"}],"curies":[{"name":"wp","href":"https:\/\/api.w.org\/{rel}","templated":true}]}}