{"id":404,"date":"2026-02-28T06:16:32","date_gmt":"2026-02-28T06:16:32","guid":{"rendered":"https:\/\/tuovisulonenkarhu.fi\/?page_id=404"},"modified":"2026-04-14T10:59:04","modified_gmt":"2026-04-14T10:59:04","slug":"kehrays-kurssi","status":"publish","type":"page","link":"https:\/\/tuovisulonenkarhu.fi\/?page_id=404","title":{"rendered":"Kehr\u00e4ys kurssi"},"content":{"rendered":"\n<p><\/p>\n\n\n\n<figure class=\"wp-block-gallery has-nested-images columns-default is-cropped wp-block-gallery-1 is-layout-flex wp-block-gallery-is-layout-flex\">\n<figure class=\"wp-block-image size-large\"><img loading=\"lazy\" decoding=\"async\" width=\"1024\" height=\"768\" data-id=\"319\" src=\"https:\/\/tuovisulonenkarhu.fi\/wp-content\/uploads\/2026\/02\/IMG-20250617-WA0001-1024x768.jpg\" alt=\"\" class=\"wp-image-319\" srcset=\"https:\/\/tuovisulonenkarhu.fi\/wp-content\/uploads\/2026\/02\/IMG-20250617-WA0001-1024x768.jpg 1024w, https:\/\/tuovisulonenkarhu.fi\/wp-content\/uploads\/2026\/02\/IMG-20250617-WA0001-300x225.jpg 300w, https:\/\/tuovisulonenkarhu.fi\/wp-content\/uploads\/2026\/02\/IMG-20250617-WA0001-768x576.jpg 768w, https:\/\/tuovisulonenkarhu.fi\/wp-content\/uploads\/2026\/02\/IMG-20250617-WA0001-1536x1152.jpg 1536w, https:\/\/tuovisulonenkarhu.fi\/wp-content\/uploads\/2026\/02\/IMG-20250617-WA0001.jpg 2048w\" sizes=\"auto, (max-width: 1024px) 100vw, 1024px\" \/><\/figure>\n<\/figure>\n\n\n\n<p>Katossa riippuu Em\u00e4h\u00e4m\u00e4. Tarkasti vahtii langan tasaisuutta, mestari kun on. Johan tuo on y\u00f6 kiivennyt yli kahdentoista ja kehr\u00e4\u00e4j\u00e4n silm\u00e4t suven y\u00f6tt\u00f6m\u00e4st\u00e4 y\u00f6st\u00e4 huolimatta hieman h\u00e4m\u00e4r\u00e4st\u00e4 sikkarallaan. Hyr hyr hyrisee, tuo unettava, rauhoittava rukki.<\/p>\n\n\n\n<p><strong>Rukilla kehr\u00e4yksen alkeet<\/strong> <strong>4-5.7.2026<\/strong><\/p>\n\n\n\n<p>Ilmottaudu pian koska paikkoja on rajoitetusti<br>tuovisulonenkarhu@gmail.com<br>Saat paluuviestill\u00e4 maksutiedot, joista voit valita joko laskun tai mobilepayn.<\/p>\n\n\n\n<p>Onko sinulla perint\u00f6rukki nurkassa n\u00f6k\u00f6tt\u00e4m\u00e4ss\u00e4 ja oletko miettinyt kuinka mukava olisi kehr\u00e4t\u00e4 kissan lailla.<br>Katso siis ensin rukinhuoltokurssi. Vaikka monet vanhat rukit ovat kyll\u00e4 heti toimintavalmiita, ja silloin oletkin oikealla sivulla. Jos sinulla taas <strong>ei ole omaa rukkia<\/strong>, mutta haaveilet t\u00e4m\u00e4n upean perinnetaidon oppimisesta, lue eteenp\u00e4in.<\/p>\n\n\n\n<p>Kehr\u00e4yskurssilla Naavan Torpan leppe\u00e4ss\u00e4 suvessa kokoonnutaan hein\u00e4kuussa hyrisyttelem\u00e4\u00e4n rukkeja. Laina- tai juurihuoltamallasi perint\u00f6rukkilla voit kahden p\u00e4iv\u00e4n kurssilla kehr\u00e4t\u00e4 oman pienen lankavyyhdin. Opettelemme kehr\u00e4yksen salat ja langan kertaamisen ilot. Vaikka kokemuksesta tied\u00e4n, ett\u00e4 ensin tulevat \u00e4rr\u00e4p\u00e4\u00e4t ja vasta illankuhveessa alkaa hyrin\u00e4. K\u00e4rsiv\u00e4llisyys palkitaan, se on varma, joten rohkeasti mukaan!<\/p>\n\n\n\n<p>Viet\u00e4mme Torpalla lauantain ja sunnuntain. Sy\u00f6mme nuotiolla hitaasti kypsytetty\u00e4 kasviskeittoa ja villiyrttisalaattia lounaaksi. P\u00e4iv\u00e4lliseksi paistetaan lettuja runsailla t\u00e4ytteill\u00e4 muurikalla ja juomme havujuomaa. Illalla saunomme pois oppimisen tuskan hien ja j\u00e4nittyneiden lihasten krampit satavuotta vanhan saunanlauteilla. Mahdollista on my\u00f6s ottaa perinnehoitoja hinnastosta l\u00f6ytyvist\u00e4 vaihtoehdoista. Y\u00f6ksi kunkainenkin k\u00f6mpii Torpan h\u00e4m\u00e4r\u00e4\u00e4n viile\u00e4\u00e4n rauhaan ja saamme nukkua vailla s\u00e4hk\u00f6laitteiden hurinaa her\u00e4t\u00e4ksemme j\u00e4lleen, uusin virkistynein mielin jatkamaan jo ehk\u00e4 v\u00e4h\u00e4n helpommalta tuntuvaa kehr\u00e4yst\u00e4. Tietysti sit\u00e4 ennen sy\u00f6mme maittavan aamiaisen aamuauringon ja lintujen laulun kevyesti aukoessa silm\u00e4luomiamme. Nyt ei ole kiire.<br>Voimme my\u00f6s v\u00e4rj\u00e4t\u00e4 lankoja kasviv\u00e4reill\u00e4, joita keittelemme nuotiolla padoissa kehr\u00e4yksen edetess\u00e4. T\u00e4t\u00e4 varten voit ottaa v\u00e4rj\u00e4\u00e4m\u00e4t\u00f6nt\u00e4 valmista lankaa mukaan tai ostaa vyyhdin torpan myym\u00e4m\u00e4l\u00e4st\u00e4, koska eih\u00e4n sit\u00e4 pient\u00e4 ja ihanaa ensimm\u00e4ist\u00e4 efektiker\u00e4\u00e4 kukaan raski v\u00e4rj\u00e4t\u00e4, sallittua toki sekin. <\/p>\n\n\n\n<p>Myym\u00e4st\u00e4 voit l\u00f6yt\u00e4\u00e4 mukaan my\u00f6s v\u00e4rttin\u00e4n jolla on helppo jatkaa uuden taidon parissa jos rukki ei ole mahdollinen suuren kokokonsa vuoksi pieness\u00e4 kodissa. Sielt\u00e4 voi l\u00f6yty\u00e4 muitakin aarteita.<\/p>\n\n\n\n<p><strong>Hinnasto<\/strong><\/p>\n\n\n\n<p>Kehr\u00e4yskurssi t\u00e4ysihoidolla 285\u20ac <br>Nopean varaajan etu; Varatessasi ja maksaessasi paikkasi 25.5 menness\u00e4 saat kurssin hintaan 235\u20ac<\/p>\n\n\n\n<p><\/p>\n\n\n\n<p>Suomalainen perinnehoito 60min 70\u20ac<\/p>\n\n\n\n<p>Niskahartiaseudun pikapesu 15min 20\u20ac<\/p>\n\n\n\n<p>Kurssi ohjelman runko<\/p>\n\n\n\n<p>Lauantai<\/p>\n\n\n\n<p>Klo 10 saapuminen Naavan Torpalle. Tervehdykset ja kahvitarjoilu. Asetutaan taloksi.<br>klo 11 Kehr\u00e4yksen esittely, oman rukin valinta ja v\u00e4rj\u00e4tt\u00e4vien lankojen esik\u00e4sittely sek\u00e4 v\u00e4rikasvien valinta.<br>Klo 12 Alotetaan kehr\u00e4yksen perusteet<br>Klo 13 Lounas<br>Klo 15.30 Kahvitauko<br>Klo 19 P\u00e4iv\u00e4llinen jonka j\u00e4lkeen omassa tahdissa saunaan <br>klo 21 Ilta asanat ja meditaatio halukkaille<br>Klo 22 Illan torkut nukkumaan illan virkut nuotiolle<\/p>\n\n\n\n<p>Sunnuntai<\/p>\n\n\n\n<p>klo 8 aamuvirkkujen jooga<br>Klo 9 aamupala<br>Klo 10 V\u00e4ri liemet ja langat<br>Klo 10.30 Kehr\u00e4ys jatkuu<br>Klo 12 Lounas<br>Klo 14.30 Kahvitauko<br>Klo 15 Langan kertaus<\/p>\n\n\n\n<p>Jos joudut perumaan kurssin. Peruutus ehdot l\u00f6yd\u00e4t alta.<\/p>\n\n\n\n<div class=\"wp-block-buttons is-layout-flex wp-block-buttons-is-layout-flex\">\n<div class=\"wp-block-button\"><a class=\"wp-block-button__link wp-element-button\" href=\"https:\/\/tuovisulonenkarhu.fi\/?page_id=448\">Kurssin peruutus ehdot<\/a><\/div>\n<\/div>\n","protected":false},"excerpt":{"rendered":"<p>Katossa riippuu Em\u00e4h\u00e4m\u00e4. Tarkasti vahtii langan tasaisuutta, mestari kun on. Johan tuo on y\u00f6 kiivennyt yli kahdentoista ja kehr\u00e4\u00e4j\u00e4n silm\u00e4t suven y\u00f6tt\u00f6m\u00e4st\u00e4 y\u00f6st\u00e4 huolimatta hieman h\u00e4m\u00e4r\u00e4st\u00e4 sikkarallaan. Hyr hyr hyrisee, tuo unettava, rauhoittava rukki. Rukilla kehr\u00e4yksen alkeet 4-5.7.2026 Ilmottaudu pian koska paikkoja on rajoitetustituovisulonenkarhu@gmail.comSaat paluuviestill\u00e4 maksutiedot, joista voit valita joko laskun tai mobilepayn. Onko sinulla&#8230;<\/p>\n","protected":false},"author":1,"featured_media":0,"parent":0,"menu_order":0,"comment_status":"closed","ping_status":"closed","template":"","meta":{"_kad_post_transparent":"","_kad_post_title":"","_kad_post_layout":"","_kad_post_sidebar_id":"","_kad_post_content_style":"","_kad_post_vertical_padding":"","_kad_post_feature":"","_kad_post_feature_position":"","_kad_post_header":false,"_kad_post_footer":false,"_kad_post_classname":"","footnotes":""},"class_list":["post-404","page","type-page","status-publish","hentry"],"_links":{"self":[{"href":"https:\/\/tuovisulonenkarhu.fi\/index.php?rest_route=\/wp\/v2\/pages\/404","targetHints":{"allow":["GET"]}}],"collection":[{"href":"https:\/\/tuovisulonenkarhu.fi\/index.php?rest_route=\/wp\/v2\/pages"}],"about":[{"href":"https:\/\/tuovisulonenkarhu.fi\/index.php?rest_route=\/wp\/v2\/types\/page"}],"author":[{"embeddable":true,"href":"https:\/\/tuovisulonenkarhu.fi\/index.php?rest_route=\/wp\/v2\/users\/1"}],"replies":[{"embeddable":true,"href":"https:\/\/tuovisulonenkarhu.fi\/index.php?rest_route=%2Fwp%2Fv2%2Fcomments&post=404"}],"version-history":[{"count":20,"href":"https:\/\/tuovisulonenkarhu.fi\/index.php?rest_route=\/wp\/v2\/pages\/404\/revisions"}],"predecessor-version":[{"id":636,"href":"https:\/\/tuovisulonenkarhu.fi\/index.php?rest_route=\/wp\/v2\/pages\/404\/revisions\/636"}],"wp:attachment":[{"href":"https:\/\/tuovisulonenkarhu.fi\/index.php?rest_route=%2Fwp%2Fv2%2Fmedia&parent=404"}],"curies":[{"name":"wp","href":"https:\/\/api.w.org\/{rel}","templated":true}]}}