{"id":407,"date":"2026-02-28T06:18:20","date_gmt":"2026-02-28T06:18:20","guid":{"rendered":"https:\/\/tuovisulonenkarhu.fi\/?page_id=407"},"modified":"2026-03-25T13:30:04","modified_gmt":"2026-03-25T13:30:04","slug":"varttinan-valmistus-ja-kehrays","status":"publish","type":"page","link":"https:\/\/tuovisulonenkarhu.fi\/?page_id=407","title":{"rendered":"V\u00e4rttin\u00e4n valmistus ja kehr\u00e4ys"},"content":{"rendered":"\n<figure class=\"wp-block-gallery has-nested-images columns-default is-cropped wp-block-gallery-1 is-layout-flex wp-block-gallery-is-layout-flex\">\n<figure class=\"wp-block-image size-large\"><img loading=\"lazy\" decoding=\"async\" width=\"1922\" height=\"2560\" data-id=\"589\" src=\"https:\/\/tuovisulonenkarhu.fi\/wp-content\/uploads\/2026\/03\/IMG_20231003_173101-2-scaled.jpg\" alt=\"\" class=\"wp-image-589\" srcset=\"https:\/\/tuovisulonenkarhu.fi\/wp-content\/uploads\/2026\/03\/IMG_20231003_173101-2-scaled.jpg 1922w, https:\/\/tuovisulonenkarhu.fi\/wp-content\/uploads\/2026\/03\/IMG_20231003_173101-2-225x300.jpg 225w\" sizes=\"auto, (max-width: 1922px) 100vw, 1922px\" \/><\/figure>\n<\/figure>\n\n\n\n<p>Tampereenseudun luovantaiteen perusopetuksen luovan veiston kurssilla, reliefin veiston lis\u00e4ksi, valmistetaan v\u00e4rttin\u00e4. T\u00e4ss\u00e4 kolmannen vuosiluokan opiskelijan valmistama v\u00e4rttin\u00e4 ja hyvin alulle l\u00e4htenyt yksis\u00e4ikeinen kertaamaton lanka.<\/p>\n\n\n\n<p>Kun prinsessa Ruusunen pisti sormensa v\u00e4rttin\u00e4\u00e4n ja nukahti tuhdeille kauneusunille, oli kyseess\u00e4 t\u00e4m\u00e4n n\u00e4k\u00f6inen kaunistus. Varren p\u00e4\u00e4ss\u00e4 on koukku ja voihan se olla ter\u00e4v\u00e4. Sadussa kuitenkin on kuva rukista ja t\u00e4m\u00e4n sekaannuksen on todenn\u00e4k\u00f6isesti aiheuttanut k\u00e4\u00e4nn\u00f6svirhe, joka usein on ollut filosofisten keskustelujen aiheena v\u00e4rttin\u00e4n valmistuskursseilla. No sen syv\u00e4llisemmin en itse oikeasti ole asiaan perehtynyt. Molemmat perinnety\u00f6kalut ovat kuitenkin aivainasemassa erilaisten kuitujen kiert\u00e4misess\u00e4 langaksi, prinsseist\u00e4 viisveisaten. T\u00e4ll\u00e4inen pieni ja tehokas koukuttaja on m\u00e4nn\u00e4aikoina ollut elinehto kylmill\u00e4 alueilla asuvalle v\u00e4est\u00f6lle ja helpon valmistustavan takia se on ollut k\u00e4yt\u00f6ss\u00e4 varmastikkin eritt\u00e4in monessa kulttuurissa. Helpoiten sen voi valmistaa vaikka kivest\u00e4. Kun l\u00e4hdettiin markkinoille tai rimpsalle, saattoi em\u00e4nt\u00e4 ja piikaplikka napata mukaan vakan lepereit\u00e4 ja kutoa k\u00e4velless\u00e4\u00e4n lankaa. Verrattavissa nykyiseen luurin kanssa tsombik\u00e4velyyn, silloin ei toki tarvinnut varoa punaisia valoja, vaan jos tie oli mit\u00e4 pitkin k\u00e4p\u00f6tell\u00e4, ei vastaan tainnut tulla kuin muutama hirvi tai ehk\u00e4p\u00e4 joku sulonen karhu. Tyls\u00e4kin taival sai merkityksen kun markkinoilla saattoi vaikka vaihtaa vyyhdin h\u00f6yry\u00e4v\u00e4\u00e4n keittoon tai leiv\u00e4n kannikkaan, riippuen millaisen koiran oksennuksen onnistui matkallaan saamaan aikaisiseksi. Koiran oksennus oli \u00e4itini kummit\u00e4din arvio ensimm\u00e4isest\u00e4 vyyhdist\u00e4ni, jonka seitsem\u00e4nvuotiaana onnistuin kehr\u00e4\u00e4m\u00e4\u00e4n ja sit\u00e4 kaunista arviota edelleen l\u00e4mm\u00f6ll\u00e4 muistelen n\u00e4in 35 vuoden j\u00e4lkeenkin.<\/p>\n\n\n\n<p>Tule valmistamaan oma v\u00e4rttin\u00e4 ja opi kehr\u00e4\u00e4m\u00e4\u00e4n sek\u00e4 kertaamaan lanka.<\/p>\n\n\n\n<p>Hinnasto:<\/p>\n\n\n\n<p>V\u00e4rttin\u00e4nvalmistus kurssi t\u00e4ysihoidolla 285\u20ac <br>Nopean varaajan etu; Varatessasi ja maksaessasi paikkasi 25.5 menness\u00e4 saat kurssin hintaan 235\u20ac<\/p>\n\n\n\n<p>Suomalainen perinnehoito 60min 70\u20ac<\/p>\n\n\n\n<p>Niskahartiaseudun pikapesu 15min 20\u20ac<\/p>\n\n\n\n<p>Kurssi ohjelman runko<\/p>\n\n\n\n<p>Lauantai<\/p>\n\n\n\n<p>Klo 10 saapuminen Naavan Torpalle. Tervehdykset ja kahvitarjoilu. Asetutaan taloksi.<br>klo 11 V\u00e4rttin\u00e4nvalmistuksen menetelmist\u00e4 ja materiaaleista ja katsotaan miten v\u00e4rttin\u00e4 toimii<br>Klo 12 Alotetaan v\u00e4rttin\u00e4n valmistus<br>Klo 13 Lounas jonka j\u00e4lkeen jatketaan v\u00e4rttin\u00e4n valmistusta<br>Klo 15.30 Kahvitauko<br>Klo 19 P\u00e4iv\u00e4llinen jonka j\u00e4lkeen omassa tahdissa saunaan <br>klo 21 Ilta asanat ja meditaatio halukkaille<br>Klo 22 Illan torkut nukkumaan illan virkut nuotiolle<\/p>\n\n\n\n<p>Sunnuntai<\/p>\n\n\n\n<p>klo 8 aamuvirkkujen jooga<br>Klo 9 aamupala<br>Klo 10 Aloitetaan v\u00e4rttin\u00e4ll\u00e4kehr\u00e4yksen alkeet<br>Klo 10.30 Kehr\u00e4ys jatkuu<br>Klo 12 Lounas<br>Klo 14.30 Kahvitauko<br>Klo 15 Langan kertaus<br>Klo 16.30 Kotiin <\/p>\n\n\n\n<p>Jos joudut perumaan kurssin. Peruutus ehdot l\u00f6yd\u00e4t alta.<\/p>\n","protected":false},"excerpt":{"rendered":"<p>Tampereenseudun luovantaiteen perusopetuksen luovan veiston kurssilla, reliefin veiston lis\u00e4ksi, valmistetaan v\u00e4rttin\u00e4. T\u00e4ss\u00e4 kolmannen vuosiluokan opiskelijan valmistama v\u00e4rttin\u00e4 ja hyvin alulle l\u00e4htenyt yksis\u00e4ikeinen kertaamaton lanka. Kun prinsessa Ruusunen pisti sormensa v\u00e4rttin\u00e4\u00e4n ja nukahti tuhdeille kauneusunille, oli kyseess\u00e4 t\u00e4m\u00e4n n\u00e4k\u00f6inen kaunistus. Varren p\u00e4\u00e4ss\u00e4 on koukku ja voihan se olla ter\u00e4v\u00e4. Sadussa kuitenkin on kuva rukista ja t\u00e4m\u00e4n&#8230;<\/p>\n","protected":false},"author":1,"featured_media":0,"parent":0,"menu_order":0,"comment_status":"closed","ping_status":"closed","template":"","meta":{"_kad_post_transparent":"","_kad_post_title":"","_kad_post_layout":"","_kad_post_sidebar_id":"","_kad_post_content_style":"","_kad_post_vertical_padding":"","_kad_post_feature":"","_kad_post_feature_position":"","_kad_post_header":false,"_kad_post_footer":false,"_kad_post_classname":"","footnotes":""},"class_list":["post-407","page","type-page","status-publish","hentry"],"_links":{"self":[{"href":"https:\/\/tuovisulonenkarhu.fi\/index.php?rest_route=\/wp\/v2\/pages\/407","targetHints":{"allow":["GET"]}}],"collection":[{"href":"https:\/\/tuovisulonenkarhu.fi\/index.php?rest_route=\/wp\/v2\/pages"}],"about":[{"href":"https:\/\/tuovisulonenkarhu.fi\/index.php?rest_route=\/wp\/v2\/types\/page"}],"author":[{"embeddable":true,"href":"https:\/\/tuovisulonenkarhu.fi\/index.php?rest_route=\/wp\/v2\/users\/1"}],"replies":[{"embeddable":true,"href":"https:\/\/tuovisulonenkarhu.fi\/index.php?rest_route=%2Fwp%2Fv2%2Fcomments&post=407"}],"version-history":[{"count":10,"href":"https:\/\/tuovisulonenkarhu.fi\/index.php?rest_route=\/wp\/v2\/pages\/407\/revisions"}],"predecessor-version":[{"id":604,"href":"https:\/\/tuovisulonenkarhu.fi\/index.php?rest_route=\/wp\/v2\/pages\/407\/revisions\/604"}],"wp:attachment":[{"href":"https:\/\/tuovisulonenkarhu.fi\/index.php?rest_route=%2Fwp%2Fv2%2Fmedia&parent=407"}],"curies":[{"name":"wp","href":"https:\/\/api.w.org\/{rel}","templated":true}]}}