{"id":448,"date":"2026-02-28T08:30:44","date_gmt":"2026-02-28T08:30:44","guid":{"rendered":"https:\/\/tuovisulonenkarhu.fi\/?page_id=448"},"modified":"2026-02-28T08:32:39","modified_gmt":"2026-02-28T08:32:39","slug":"kurssin-peruutus-ehdot","status":"publish","type":"page","link":"https:\/\/tuovisulonenkarhu.fi\/?page_id=448","title":{"rendered":"Kurssin peruutus ehdot"},"content":{"rendered":"\n<h1 class=\"wp-block-heading\">Peruutusehdot<\/h1>\n\n\n\n<p>Ilmoittautuminen on sitova.<\/p>\n\n\n\n<p>Kurssipaikka vahvistuu maksun j\u00e4lkeen.<\/p>\n\n\n\n<h3 class=\"wp-block-heading\">Early Bird -hinta<\/h3>\n\n\n\n<p>Early Bird -hintainen osallistuminen maksetaan kokonaisuudessaan etuk\u00e4teen.<\/p>\n\n\n\n<p>Early Bird -maksua ei palauteta, mutta osallistujalla on oikeus:<\/p>\n\n\n\n<ul class=\"wp-block-list\">\n<li>siirt\u00e4\u00e4 osallistuminen toiselle henkil\u00f6lle<br>TAI<\/li>\n\n\n\n<li>k\u00e4ytt\u00e4\u00e4 maksu hyvityksen\u00e4 toiseen vastaavaan kurssiin 12 kuukauden kuluessa.<\/li>\n<\/ul>\n\n\n\n<hr class=\"wp-block-separator has-alpha-channel-opacity\"\/>\n\n\n\n<h3 class=\"wp-block-heading\">Normaalihintainen osallistuminen<\/h3>\n\n\n\n<p>Peruutus:<\/p>\n\n\n\n<ul class=\"wp-block-list\">\n<li>yli 30 vrk ennen kurssia \u2192 maksu palautetaan v\u00e4hennettyn\u00e4 50 \u20ac varausmaksulla<\/li>\n\n\n\n<li>14\u201330 vrk ennen kurssia \u2192 50 % kurssimaksusta palautetaan<\/li>\n\n\n\n<li>alle 14 vrk ennen kurssia \u2192 maksua ei palauteta<\/li>\n<\/ul>\n\n\n\n<p>Osallistumisen voi siirt\u00e4\u00e4 toiselle henkil\u00f6lle.<\/p>\n\n\n\n<hr class=\"wp-block-separator has-alpha-channel-opacity\"\/>\n\n\n\n<h3 class=\"wp-block-heading\">Sairastuminen<\/h3>\n\n\n\n<p>\u00c4killisen sairastumisen est\u00e4ess\u00e4 osallistumisen:<\/p>\n\n\n\n<ul class=\"wp-block-list\">\n<li>maksu voidaan siirt\u00e4\u00e4 toiseen kurssiin 12 kuukauden sis\u00e4ll\u00e4 l\u00e4\u00e4k\u00e4rintodistusta vastaan.<\/li>\n<\/ul>\n\n\n\n<hr class=\"wp-block-separator has-alpha-channel-opacity\"\/>\n\n\n\n<h3 class=\"wp-block-heading\">Kurssin peruuntuessa j\u00e4rjest\u00e4j\u00e4n toimesta<\/h3>\n\n\n\n<p>Mik\u00e4li kurssi joudutaan peruuttamaan:<\/p>\n\n\n\n<ul class=\"wp-block-list\">\n<li>kaikki maksut palautetaan t\u00e4ysim\u00e4\u00e4r\u00e4isesti.<\/li>\n<\/ul>\n","protected":false},"excerpt":{"rendered":"<p>Peruutusehdot Ilmoittautuminen on sitova. Kurssipaikka vahvistuu maksun j\u00e4lkeen. Early Bird -hinta Early Bird -hintainen osallistuminen maksetaan kokonaisuudessaan etuk\u00e4teen. Early Bird -maksua ei palauteta, mutta osallistujalla on oikeus: Normaalihintainen osallistuminen Peruutus: Osallistumisen voi siirt\u00e4\u00e4 toiselle henkil\u00f6lle. Sairastuminen \u00c4killisen sairastumisen est\u00e4ess\u00e4 osallistumisen: Kurssin peruuntuessa j\u00e4rjest\u00e4j\u00e4n toimesta Mik\u00e4li kurssi joudutaan peruuttamaan:<\/p>\n","protected":false},"author":1,"featured_media":0,"parent":0,"menu_order":0,"comment_status":"closed","ping_status":"closed","template":"","meta":{"_kad_post_transparent":"","_kad_post_title":"","_kad_post_layout":"","_kad_post_sidebar_id":"","_kad_post_content_style":"","_kad_post_vertical_padding":"","_kad_post_feature":"","_kad_post_feature_position":"","_kad_post_header":false,"_kad_post_footer":false,"_kad_post_classname":"","footnotes":""},"class_list":["post-448","page","type-page","status-publish","hentry"],"_links":{"self":[{"href":"https:\/\/tuovisulonenkarhu.fi\/index.php?rest_route=\/wp\/v2\/pages\/448","targetHints":{"allow":["GET"]}}],"collection":[{"href":"https:\/\/tuovisulonenkarhu.fi\/index.php?rest_route=\/wp\/v2\/pages"}],"about":[{"href":"https:\/\/tuovisulonenkarhu.fi\/index.php?rest_route=\/wp\/v2\/types\/page"}],"author":[{"embeddable":true,"href":"https:\/\/tuovisulonenkarhu.fi\/index.php?rest_route=\/wp\/v2\/users\/1"}],"replies":[{"embeddable":true,"href":"https:\/\/tuovisulonenkarhu.fi\/index.php?rest_route=%2Fwp%2Fv2%2Fcomments&post=448"}],"version-history":[{"count":2,"href":"https:\/\/tuovisulonenkarhu.fi\/index.php?rest_route=\/wp\/v2\/pages\/448\/revisions"}],"predecessor-version":[{"id":451,"href":"https:\/\/tuovisulonenkarhu.fi\/index.php?rest_route=\/wp\/v2\/pages\/448\/revisions\/451"}],"wp:attachment":[{"href":"https:\/\/tuovisulonenkarhu.fi\/index.php?rest_route=%2Fwp%2Fv2%2Fmedia&parent=448"}],"curies":[{"name":"wp","href":"https:\/\/api.w.org\/{rel}","templated":true}]}}