{"id":486,"date":"2026-03-17T08:37:35","date_gmt":"2026-03-17T08:37:35","guid":{"rendered":"https:\/\/tuovisulonenkarhu.fi\/?page_id=486"},"modified":"2026-04-14T10:54:52","modified_gmt":"2026-04-14T10:54:52","slug":"veistamalla-luontokatoa-vastaan-hanke","status":"publish","type":"page","link":"https:\/\/tuovisulonenkarhu.fi\/?page_id=486","title":{"rendered":"Veist\u00e4m\u00e4ll\u00e4 luontokatoa vastaan -hanke"},"content":{"rendered":"\n<p><strong>Veist\u00e4m\u00e4ll\u00e4 luontokatoa vastaan <\/strong>on Luova veisto ry:n taide- ja ymp\u00e4rist\u00f6hanke, joka tuo uhanalaiset <br>eli\u00f6lajit n\u00e4kyviksi kaupunki tilassa 13.4-3.5. 2026. Hanke yhdist\u00e4\u00e4 perinteisen veistotaidon, luovan <br>k\u00e4sity\u00f6n ja ymp\u00e4rist\u00f6tietoisuuden yhteis\u00f6lliseksi kokonaiseuudeksi. Mukana on 20 veist\u00e4j\u00e4\u00e4, ja <br>kokonaisuuteen kuuluu 24 veistosta. Jokainen taiteilija on toteuttanut valitsemansa uhanalaisen lajin <br>omalla tyylill\u00e4\u00e4n ja n\u00e4k\u00f6kulmallaan.<\/p>\n\n\n\n<p>Luova veisto ry on perustettu 2024 edist\u00e4m\u00e4\u00e4n puunveiston taitoa ja kansanperinnett\u00e4. Yhdistys <br>kokoaa yhteen puuty\u00f6st\u00e4 kiinnostuneita harastajia ja ammattilaisia eripuolita Suomea.<\/p>\n\n\n\n<p><br>Syksyll\u00e4 2025 k\u00e4ynnistynyt Veist\u00e4m\u00e4ll\u00e4 luontokatoa vastaan -hanke yhdist\u00e4\u00e4 luovan k\u00e4sity\u00f6n,<br>ymp\u00e4rist\u00f6tietoisuuden ja yhteis\u00f6llisen vaikuttamisen. Hankkeessa syntyy veistoksia Suomen<br>uhanalaisista eli\u00f6lajeista. Teokset tulevat esille eri puolille kaupunkia ja kutsuvat yleis\u00f6\u00e4<br>pys\u00e4htym\u00e4\u00e4n hetkeksi etenev\u00e4n luontokadon \u00e4\u00e4relle. Hanke ottaa kantaa luonnon<br>monimuotoisuuden puolesta ja ilmaisee siten tukensa luonnon suojelulle. Luovan ilmaisun keinoin<br>se pyrkii my\u00f6s lis\u00e4\u00e4m\u00e4\u00e4n tietoa ja her\u00e4tt\u00e4m\u00e4\u00e4n keskustelua aiheesta.<\/p>\n\n\n\n<p>Hankkeen tavoite<br>Teosten l\u00e4ht\u00f6kohtana ovat Suomessa uhanalaisiksi luokitellut lajit. Uhanalaisiksi on t\u00e4ll\u00e4 hetkell\u00e4<br>Suomessa luokiteltu 2663 eli\u00f6lajia. Ne on jaettu eli\u00f6ryhmiin, joita on 15: hy\u00f6nteiset, sienet ja<br>j\u00e4k\u00e4l\u00e4t, putkilokasvit, sammalet, h\u00e4m\u00e4h\u00e4kkiel\u00e4imet, linnut, nivelmadot, nilvi\u00e4iset, lev\u00e4t, kalat,<br>nis\u00e4kk\u00e4\u00e4t, \u00e4yri\u00e4iset, tuhatjalkaiset, muut selk\u00e4rangattomat sek\u00e4 matelijat ja sammakkoel\u00e4imet.<br>Rajaamme veistoaiheet kahteen uhanalaisimpaan luokkaan, jolloin j\u00e4ljelle j\u00e4\u00e4 1405 mahdollista<br>lajia. Jokainen veistos toimii tiedonv\u00e4litt\u00e4j\u00e4n\u00e4 ja her\u00e4tt\u00e4j\u00e4n\u00e4 \u2013 se tuo esiin, kuinka vahvasti lajien<br>elinvoimaisuus on riippuvainen luonnon monimuotoisuudesta. Tavoitteena on lis\u00e4t\u00e4 tietoisuutta<br>laji- ja luontokadosta. Samalla innostamme kaupunkilaisia tutustumaan uhanalaisiin lajeihin ja<br>luontotyyppeihin taiteen keinoin. Haluamme my\u00f6s n\u00e4ytt\u00e4\u00e4, ett\u00e4 on lukemattomia tapoja osallistua<br>luonnonsuojeluun ja kannustaa kaikkia mukaan toimintaan omalla tavallaan.<\/p>\n\n\n\n<p>Eri puolilla Tamperetta olevia teoksia voit etsi\u00e4 kartalta (luovaveisto.fi), jonne jokainen teos on <br>sijoitettu. 2-3.5.2026 teokset kootaan yhteiseen loppun\u00e4yttelyyn, joka sijaitsee <em>Taito Pirkanmaan<\/em><br><em> Taitokeskus Verkarannassa.<\/em><br>Jokaisessa n\u00e4ytteille asetetussa veistoksessa on QR-koodi, josta aukeaa tietoikkuna kyseisen lajin<br>el\u00e4m\u00e4\u00e4n ja erityispiirteisiin ja sen uhanalaisuusluokitukseen johtaneisiin syihin. Ikkunassa voi olla<br>my\u00f6s muutamia valokuvia tai piirroksia lajista, karttoja, mahdollinen \u00e4\u00e4nin\u00e4yte sek\u00e4 joissakin<br>veistoksissa taiteilijan kertomus teoksen synnyst\u00e4.<br>Veistoksista saadut myyntituotot lahjoitetaan kokonaisuudessaan Luonnonperint\u00f6s\u00e4\u00e4ti\u00f6lle<br>luonnonsuojeluun.<\/p>\n\n\n\n<p>Veist\u00e4m\u00e4ll\u00e4 luontokatoa vastaan -hankkeeseen p\u00e4\u00e4set tutustumaan: luovaveisto.fi<\/p>\n\n\n\n<p>Sek\u00e4 teokseni Maan altavastaajat QR-Koodilla <\/p>\n\n\n\n<p> <\/p>\n\n\n\n<figure class=\"wp-block-gallery has-nested-images columns-default is-cropped wp-block-gallery-1 is-layout-flex wp-block-gallery-is-layout-flex\">\n<figure class=\"wp-block-image size-large\"><img loading=\"lazy\" decoding=\"async\" width=\"1024\" height=\"1014\" data-id=\"614\" src=\"https:\/\/tuovisulonenkarhu.fi\/wp-content\/uploads\/2026\/04\/Screenshot_2026-04-14-12-42-27-47_965bbf4d18d205f782c6b8409c5773a42-1024x1014.jpg\" alt=\"\" class=\"wp-image-614\" srcset=\"https:\/\/tuovisulonenkarhu.fi\/wp-content\/uploads\/2026\/04\/Screenshot_2026-04-14-12-42-27-47_965bbf4d18d205f782c6b8409c5773a42-1024x1014.jpg 1024w, https:\/\/tuovisulonenkarhu.fi\/wp-content\/uploads\/2026\/04\/Screenshot_2026-04-14-12-42-27-47_965bbf4d18d205f782c6b8409c5773a42-300x297.jpg 300w, https:\/\/tuovisulonenkarhu.fi\/wp-content\/uploads\/2026\/04\/Screenshot_2026-04-14-12-42-27-47_965bbf4d18d205f782c6b8409c5773a42-150x150.jpg 150w, https:\/\/tuovisulonenkarhu.fi\/wp-content\/uploads\/2026\/04\/Screenshot_2026-04-14-12-42-27-47_965bbf4d18d205f782c6b8409c5773a42-768x760.jpg 768w, https:\/\/tuovisulonenkarhu.fi\/wp-content\/uploads\/2026\/04\/Screenshot_2026-04-14-12-42-27-47_965bbf4d18d205f782c6b8409c5773a42.jpg 1080w\" sizes=\"auto, (max-width: 1024px) 100vw, 1024px\" \/><\/figure>\n<\/figure>\n\n\n\n<p>Kohdista puhelimesi QR-koodin lukija kuvaan ja p\u00e4\u00e4set suoraan luovaveisto.fi sivuille<\/p>\n\n\n\n<p>Esitten t\u00e4ss\u00e4 oman ty\u00f6ni joka on 14.3 alkaen esill\u00e4 idyllisess\u00e4 kahvila Kattopuutarhassa, Finleyssonin alueella. Olen erityisen ilahtunut kattopuutarhan tuomasta mahdollisuudesta kaupunkliaisp\u00f6rri\u00e4isten ja muiden pikkuotusten lev\u00e4ht\u00e4\u00e4 matkallaan ja oma rumpuni sopii milj\u00f6\u00f6h\u00f6n kuin \u00f6t\u00f6kk\u00e4 kukkaan. <\/p>\n\n\n\n<figure class=\"wp-block-gallery has-nested-images columns-default is-cropped wp-block-gallery-2 is-layout-flex wp-block-gallery-is-layout-flex\">\n<figure class=\"wp-block-image size-large\"><img loading=\"lazy\" decoding=\"async\" width=\"768\" height=\"1024\" data-id=\"498\" src=\"https:\/\/tuovisulonenkarhu.fi\/wp-content\/uploads\/2026\/03\/IMG_20210625_132757-768x1024.jpg\" alt=\"\" class=\"wp-image-498\" srcset=\"https:\/\/tuovisulonenkarhu.fi\/wp-content\/uploads\/2026\/03\/IMG_20210625_132757-768x1024.jpg 768w, https:\/\/tuovisulonenkarhu.fi\/wp-content\/uploads\/2026\/03\/IMG_20210625_132757-225x300.jpg 225w, https:\/\/tuovisulonenkarhu.fi\/wp-content\/uploads\/2026\/03\/IMG_20210625_132757-1152x1536.jpg 1152w, https:\/\/tuovisulonenkarhu.fi\/wp-content\/uploads\/2026\/03\/IMG_20210625_132757.jpg 1200w\" sizes=\"auto, (max-width: 768px) 100vw, 768px\" \/><figcaption class=\"wp-element-caption\">kuparikuoriainen asian ytimess\u00e4<\/figcaption><\/figure>\n<\/figure>\n\n\n\n<p><\/p>\n\n\n\n<p>Monet teoksieni aiheet ovat syntyneet silm\u00e4n r\u00e4p\u00e4yksess\u00e4, kuin kuva joka l\u00e4v\u00e4ht\u00e4\u00e4 silmille. N\u00e4in k\u00e4vi luontokato veistokseni kohdalla. Olin menossa nukkumaan ja kun suljin silm\u00e4ni oli siin\u00e4 edess\u00e4ni soturinainen, joka kannatteli maapalloa ylv\u00e4\u00e4n\u00e4 mutta surullisena. Sain katsella kuvaa pitk\u00e4\u00e4n, syventy\u00e4 sen erilaisiin muotoihin ja tiesin, ett\u00e4 siit\u00e4 tulee rumpu, kunnes uni vei mukanaan. Seuraavana p\u00e4iv\u00e4n\u00e4 oli Sampollassa luovan veiston kurssi samaan aikaan kuin meid\u00e4n kupurummun veisto ja yhteisell\u00e4 lounaalla kuultiin idea projektista; veist\u00e4 luontokatoa vastaan. Olin innoissani, koska edellisen y\u00f6n idea tuntui sopivan hankkeen raameihin hyvin. <br>Olen veist\u00e4nyt t\u00e4t\u00e4 teosta l\u00e4hinn\u00e4 erilaisissa tapahtumissa ja kursseilla, silloin kuin oppilailla on hyv\u00e4 veistotraivi meneill\u00e4\u00e4n, eik\u00e4 kukaan kaipaa apua. Pienet \u00f6tyk\u00e4t ovat m\u00f6nkineet ty\u00f6h\u00f6n hitaasti ja tunnustellen. En alunperin tiennyt, ett\u00e4 ty\u00f6h\u00f6ni tulevat uhanalaiset ovat juuri \u00f6tk\u00f6it\u00e4, niit\u00e4 ei ensin\u00e4kemyksess\u00e4ni viel\u00e4 ollut. Lopulta ne vain olivat naisen jalkojen juuressa, kyselem\u00e4tt\u00e4 ja itsest\u00e4\u00e4n numeroa tekem\u00e4tt\u00e4. Sellaisiahan ne ovat, nuo pienet maailman pelastajat, hiljaiset maan altavastaajat. <br>\u00d6t\u00f6k\u00e4t ovat aina kiehtoneet minua. Lempi\u00f6t\u00f6k\u00f6it\u00e4ni ovat h\u00e4m\u00e4h\u00e4kit, jotka ovat mielest\u00e4ni ihastuttavan upeita. Kotonamme vanhassa puutalossa ne el\u00e4v\u00e4t omaa el\u00e4m\u00e4\u00e4ns\u00e4, eik\u00e4 niit\u00e4 h\u00e4irit\u00e4, niinkuin eiv\u00e4t nek\u00e4\u00e4n h\u00e4iritse meit\u00e4. Toinen ihan suurin lempparini on kuparikuoriainen. Kun sain k\u00e4lyni hevosenlantakompostia kasvimaalle, alkoi mullaksi muuttuneen lannan seasta putkahdella upeita j\u00e4ttim\u00e4isi\u00e4 valkoisia toukkia punaisilla vauhtipilkuilla. Tuntomerkkien perusteella ne olivat kuparikuoriaisen ja sarvikuonokkaan toukkia. Koitimme j\u00e4tt\u00e4\u00e4 ne mahdollisimman rauhallisiin paikkoihin ja kes\u00e4nmittaan onnistuin n\u00e4kem\u00e4\u00e4n yhden sarvikuonokkaan, joka viipotti pikaisesti seuraavan kokkareen alle. <br>Kuparikuoriaiset viihtyv\u00e4t meid\u00e4n ovenpielen kitkem\u00e4tt\u00f6miss\u00e4 kukkapenkeiss\u00e4 vuohenputkien kukissa. Niiden touhujen seuraaminen tasapainottaa hermostoa, uskoisin- enk\u00e4 tarkista l\u00e4\u00e4k\u00e4rilt\u00e4.<\/p>\n\n\n\n<p>V\u00e4rj\u00e4sin rumpuuni nahan pulveripetsill\u00e4. Vaikka olen v\u00e4rj\u00e4nnyt nahkoja jo yhdeks\u00e4n vuoden ajan, on aina yll\u00e4tys millainen kuvio nahkaan tulee. Ja t\u00e4h\u00e4n \u00f6t\u00f6kk\u00e4rummun nahkaan tuli loputtomasti pieni\u00e4 ja v\u00e4h\u00e4n suurempiakin \u00f6t\u00f6k\u00f6it\u00e4, ihan tilauksesta- ihanaa! \u00d6t\u00f6k\u00f6ille on tilausta.<\/p>\n\n\n\n<figure class=\"wp-block-gallery has-nested-images columns-default is-cropped wp-block-gallery-3 is-layout-flex wp-block-gallery-is-layout-flex\">\n<figure class=\"wp-block-image size-large\"><img loading=\"lazy\" decoding=\"async\" width=\"772\" height=\"1024\" data-id=\"624\" src=\"https:\/\/tuovisulonenkarhu.fi\/wp-content\/uploads\/2026\/04\/Screenshot_2026-04-14-13-36-31-26_965bbf4d18d205f782c6b8409c5773a42-772x1024.jpg\" alt=\"\" class=\"wp-image-624\" srcset=\"https:\/\/tuovisulonenkarhu.fi\/wp-content\/uploads\/2026\/04\/Screenshot_2026-04-14-13-36-31-26_965bbf4d18d205f782c6b8409c5773a42-772x1024.jpg 772w, https:\/\/tuovisulonenkarhu.fi\/wp-content\/uploads\/2026\/04\/Screenshot_2026-04-14-13-36-31-26_965bbf4d18d205f782c6b8409c5773a42-226x300.jpg 226w, https:\/\/tuovisulonenkarhu.fi\/wp-content\/uploads\/2026\/04\/Screenshot_2026-04-14-13-36-31-26_965bbf4d18d205f782c6b8409c5773a42-768x1018.jpg 768w, https:\/\/tuovisulonenkarhu.fi\/wp-content\/uploads\/2026\/04\/Screenshot_2026-04-14-13-36-31-26_965bbf4d18d205f782c6b8409c5773a42.jpg 1080w\" sizes=\"auto, (max-width: 772px) 100vw, 772px\" \/><\/figure>\n<\/figure>\n\n\n\n<figure class=\"wp-block-gallery has-nested-images columns-default is-cropped wp-block-gallery-4 is-layout-flex wp-block-gallery-is-layout-flex\">\n<figure class=\"wp-block-image size-large\"><img loading=\"lazy\" decoding=\"async\" width=\"869\" height=\"1024\" data-id=\"619\" src=\"https:\/\/tuovisulonenkarhu.fi\/wp-content\/uploads\/2026\/04\/Screenshot_2026-04-14-13-07-14-10_965bbf4d18d205f782c6b8409c5773a42-869x1024.jpg\" alt=\"\" class=\"wp-image-619\" srcset=\"https:\/\/tuovisulonenkarhu.fi\/wp-content\/uploads\/2026\/04\/Screenshot_2026-04-14-13-07-14-10_965bbf4d18d205f782c6b8409c5773a42-869x1024.jpg 869w, https:\/\/tuovisulonenkarhu.fi\/wp-content\/uploads\/2026\/04\/Screenshot_2026-04-14-13-07-14-10_965bbf4d18d205f782c6b8409c5773a42-255x300.jpg 255w, https:\/\/tuovisulonenkarhu.fi\/wp-content\/uploads\/2026\/04\/Screenshot_2026-04-14-13-07-14-10_965bbf4d18d205f782c6b8409c5773a42-768x905.jpg 768w, https:\/\/tuovisulonenkarhu.fi\/wp-content\/uploads\/2026\/04\/Screenshot_2026-04-14-13-07-14-10_965bbf4d18d205f782c6b8409c5773a42.jpg 954w\" sizes=\"auto, (max-width: 869px) 100vw, 869px\" \/><\/figure>\n<\/figure>\n\n\n\n<p>Maan altavastaajat<br>Tuovi Sulonen-Karhu<br>Tekniikka: veistosrumpu<br>Keh\u00e4: tammi<br>Rummun nahka: petsiv\u00e4rj\u00e4tty poronnahka<br>Veistos: lehmus<br>Pintak\u00e4sittely: vesiv\u00e4ri, Osmo Color<br>Rumpu on viritett\u00e4v\u00e4 ja viritys on toteutettu kierr\u00e4tetyst\u00e4 polkupy\u00f6r\u00e4n kumista.<\/p>\n\n\n\n<p>Koko<br>syvyys 13 cm<br>leveys 41 cm<br>korkeus 47,5 cm<br>N\u00e4yttelypaikka:14-30.3 Kattopuutarha, Tampere<br>2-3.5 Taitokeskus Verkaranta<\/p>\n\n\n\n<p>Myynniss\u00e4, teoksen myyntituotto lahjoitetaan lyhent\u00e4m\u00e4tt\u00f6m\u00e4n\u00e4 Luonnonperint\u00f6s\u00e4\u00e4ti\u00f6lle.<br>Tiedustelut:<br>karolina@luovaveisto.fi<\/p>\n\n\n\n<p>Teos<br>Veistoksessa nainen seisoo soturiasennossa ja kannattelee k\u00e4sivarsiensa varassa maapalloa. H\u00e4nen jalkojensa juurella ja ymp\u00e4rill\u00e4\u00e4n el\u00e4v\u00e4t pienet nilvi\u00e4iset \u2013 perhoset, kovakuoriainen ja kotilot. Ne ovat luonnon hiljaisia yll\u00e4pit\u00e4ji\u00e4, maan pinnan ja maaper\u00e4n ekosysteemien perusta.<\/p>\n\n\n\n<p>Monet n\u00e4ist\u00e4 lajeista k\u00e4rsiv\u00e4t elinymp\u00e4rist\u00f6jen muutoksista. Niiden el\u00e4m\u00e4 tapahtuu usein ihmisen huomaamatta: metsien lahopuussa, kosteissa lehdoissa ja niittyjen kasvillisuuden suojassa.<\/p>\n\n\n\n<p>Teoksessa ihminen ja n\u00e4m\u00e4 pienet el\u00e4imet kuuluvat samaan kokonaisuuteen. \u00c4iti maa on vahva ja jaksaa edelleen kantaa maailmaa. H\u00e4nen ilmeens\u00e4 kertoo kuitenkin pettymyksest\u00e4 ja huolesta. Se on hiljainen kysymys ihmiselle: kuinka kauan luonto viel\u00e4 jaksaa kantaa meit\u00e4.<\/p>\n\n\n\n<p>Teoksessa esiintyv\u00e4t lajit<br>Harjusinisiipi<br>Scolitantides vicrama<br>p\u00e4iv\u00e4perhonen \u2013 \u00e4\u00e4rimm\u00e4isen uhanalainen (CR)<br>Elinymp\u00e4rist\u00f6: kuivat harjut ja kedot<br>Uhanalaisuuden syy: niittyjen umpeenkasvu ja elinymp\u00e4rist\u00f6jen katoaminen<\/p>\n\n\n\n<p>Kirjopapurikko<br>Lopinga achine<br>p\u00e4iv\u00e4perhonen \u2013 eritt\u00e4in uhanalainen (EN)<br>Elinymp\u00e4rist\u00f6: metsien varjoiset reunat<br>Uhanalaisuuden syy: mets\u00e4rakenteen muuttuminen<\/p>\n\n\n\n<p>Punah\u00e4r\u00f6<br>Pyrochroa coccinea<br>kovakuoriainen<br>Elinymp\u00e4rist\u00f6: lahopuuta sis\u00e4lt\u00e4v\u00e4t mets\u00e4t<br>Uhanalaisuuden syy: lahopuun v\u00e4heneminen<\/p>\n\n\n\n<p>Ahmattikotilo<br>Merdigera obscura<br>kotilo<br>Elinymp\u00e4rist\u00f6: kosteat lehdot ja varjoisat mets\u00e4t<br>Uhanalaisuuden syy: lehtojen v\u00e4heneminen<\/p>\n\n\n\n<p>Harmaasulkukotilo<br>Cochlodina laminata<br>kotilo<br>Elinymp\u00e4rist\u00f6: kosteat mets\u00e4t ja lehdot<br>Uhanalaisuuden syy: metsien hakkuut ja elinymp\u00e4rist\u00f6jen muutokset<\/p>\n","protected":false},"excerpt":{"rendered":"<p>Veist\u00e4m\u00e4ll\u00e4 luontokatoa vastaan on Luova veisto ry:n taide- ja ymp\u00e4rist\u00f6hanke, joka tuo uhanalaiset eli\u00f6lajit n\u00e4kyviksi kaupunki tilassa 13.4-3.5. 2026. Hanke yhdist\u00e4\u00e4 perinteisen veistotaidon, luovan k\u00e4sity\u00f6n ja ymp\u00e4rist\u00f6tietoisuuden yhteis\u00f6lliseksi kokonaiseuudeksi. Mukana on 20 veist\u00e4j\u00e4\u00e4, ja kokonaisuuteen kuuluu 24 veistosta. Jokainen taiteilija on toteuttanut valitsemansa uhanalaisen lajin omalla tyylill\u00e4\u00e4n ja n\u00e4k\u00f6kulmallaan. Luova veisto ry on perustettu 2024&#8230;<\/p>\n","protected":false},"author":1,"featured_media":0,"parent":0,"menu_order":0,"comment_status":"closed","ping_status":"closed","template":"","meta":{"_kad_post_transparent":"","_kad_post_title":"","_kad_post_layout":"","_kad_post_sidebar_id":"","_kad_post_content_style":"","_kad_post_vertical_padding":"","_kad_post_feature":"","_kad_post_feature_position":"","_kad_post_header":false,"_kad_post_footer":false,"_kad_post_classname":"","footnotes":""},"class_list":["post-486","page","type-page","status-publish","hentry"],"_links":{"self":[{"href":"https:\/\/tuovisulonenkarhu.fi\/index.php?rest_route=\/wp\/v2\/pages\/486","targetHints":{"allow":["GET"]}}],"collection":[{"href":"https:\/\/tuovisulonenkarhu.fi\/index.php?rest_route=\/wp\/v2\/pages"}],"about":[{"href":"https:\/\/tuovisulonenkarhu.fi\/index.php?rest_route=\/wp\/v2\/types\/page"}],"author":[{"embeddable":true,"href":"https:\/\/tuovisulonenkarhu.fi\/index.php?rest_route=\/wp\/v2\/users\/1"}],"replies":[{"embeddable":true,"href":"https:\/\/tuovisulonenkarhu.fi\/index.php?rest_route=%2Fwp%2Fv2%2Fcomments&post=486"}],"version-history":[{"count":19,"href":"https:\/\/tuovisulonenkarhu.fi\/index.php?rest_route=\/wp\/v2\/pages\/486\/revisions"}],"predecessor-version":[{"id":634,"href":"https:\/\/tuovisulonenkarhu.fi\/index.php?rest_route=\/wp\/v2\/pages\/486\/revisions\/634"}],"wp:attachment":[{"href":"https:\/\/tuovisulonenkarhu.fi\/index.php?rest_route=%2Fwp%2Fv2%2Fmedia&parent=486"}],"curies":[{"name":"wp","href":"https:\/\/api.w.org\/{rel}","templated":true}]}}