{"id":505,"date":"2026-03-18T08:18:22","date_gmt":"2026-03-18T08:18:22","guid":{"rendered":"https:\/\/tuovisulonenkarhu.fi\/?page_id=505"},"modified":"2026-04-14T11:10:19","modified_gmt":"2026-04-14T11:10:19","slug":"nayttelyt","status":"publish","type":"page","link":"https:\/\/tuovisulonenkarhu.fi\/?page_id=505","title":{"rendered":"N\u00e4yttelyt"},"content":{"rendered":"\n<p><\/p>\n\n\n\n<p>Tulevia n\u00e4yttelyit\u00e4 kev\u00e4\u00e4lle 2026<\/p>\n\n\n\n<p>Veist\u00e4m\u00e4ll\u00e4 luontokatoa vastaan -hankkeen teokset ovat esill\u00e4 Tampeeen keskustan alueella <em>13-30.4<\/em>. ja ne ker\u00e4t\u00e4\u00e4n yhteiseen loppun\u00e4yttelyyn Taito Pirkanmaan Taitokeskukseen Verkarantaan <em>2-3-5<\/em>.<\/p>\n\n\n\n<p>Sasky Pet\u00e4j\u00e4-opiston kev\u00e4t n\u00e4yttely <em>sunnuntaina 19.4. klo 12-16 ja maanantaina 20.4. klo9-18 Ammatti-instituutti iisakissa. <\/em>K\u00e4ynti Opintien kautta.<\/p>\n\n\n\n<p><\/p>\n\n\n\n<p>Kuvia menneist\u00e4 n\u00e4yttelyist\u00e4<\/p>\n\n\n\n<figure class=\"wp-block-gallery has-nested-images columns-default is-cropped wp-block-gallery-1 is-layout-flex wp-block-gallery-is-layout-flex\"><\/figure>\n","protected":false},"excerpt":{"rendered":"<p>Tulevia n\u00e4yttelyit\u00e4 kev\u00e4\u00e4lle 2026 Veist\u00e4m\u00e4ll\u00e4 luontokatoa vastaan -hankkeen teokset ovat esill\u00e4 Tampeeen keskustan alueella 13-30.4. ja ne ker\u00e4t\u00e4\u00e4n yhteiseen loppun\u00e4yttelyyn Taito Pirkanmaan Taitokeskukseen Verkarantaan 2-3-5. Sasky Pet\u00e4j\u00e4-opiston kev\u00e4t n\u00e4yttely sunnuntaina 19.4. klo 12-16 ja maanantaina 20.4. klo9-18 Ammatti-instituutti iisakissa. K\u00e4ynti Opintien kautta. Kuvia menneist\u00e4 n\u00e4yttelyist\u00e4<\/p>\n","protected":false},"author":1,"featured_media":0,"parent":0,"menu_order":0,"comment_status":"closed","ping_status":"closed","template":"","meta":{"_kad_post_transparent":"","_kad_post_title":"","_kad_post_layout":"","_kad_post_sidebar_id":"","_kad_post_content_style":"","_kad_post_vertical_padding":"","_kad_post_feature":"","_kad_post_feature_position":"","_kad_post_header":false,"_kad_post_footer":false,"_kad_post_classname":"","footnotes":""},"class_list":["post-505","page","type-page","status-publish","hentry"],"_links":{"self":[{"href":"https:\/\/tuovisulonenkarhu.fi\/index.php?rest_route=\/wp\/v2\/pages\/505","targetHints":{"allow":["GET"]}}],"collection":[{"href":"https:\/\/tuovisulonenkarhu.fi\/index.php?rest_route=\/wp\/v2\/pages"}],"about":[{"href":"https:\/\/tuovisulonenkarhu.fi\/index.php?rest_route=\/wp\/v2\/types\/page"}],"author":[{"embeddable":true,"href":"https:\/\/tuovisulonenkarhu.fi\/index.php?rest_route=\/wp\/v2\/users\/1"}],"replies":[{"embeddable":true,"href":"https:\/\/tuovisulonenkarhu.fi\/index.php?rest_route=%2Fwp%2Fv2%2Fcomments&post=505"}],"version-history":[{"count":2,"href":"https:\/\/tuovisulonenkarhu.fi\/index.php?rest_route=\/wp\/v2\/pages\/505\/revisions"}],"predecessor-version":[{"id":638,"href":"https:\/\/tuovisulonenkarhu.fi\/index.php?rest_route=\/wp\/v2\/pages\/505\/revisions\/638"}],"wp:attachment":[{"href":"https:\/\/tuovisulonenkarhu.fi\/index.php?rest_route=%2Fwp%2Fv2%2Fmedia&parent=505"}],"curies":[{"name":"wp","href":"https:\/\/api.w.org\/{rel}","templated":true}]}}