{"id":573,"date":"2026-03-18T10:52:53","date_gmt":"2026-03-18T10:52:53","guid":{"rendered":"https:\/\/tuovisulonenkarhu.fi\/?page_id=573"},"modified":"2026-03-18T10:53:33","modified_gmt":"2026-03-18T10:53:33","slug":"muut","status":"publish","type":"page","link":"https:\/\/tuovisulonenkarhu.fi\/?page_id=573","title":{"rendered":"Muut"},"content":{"rendered":"\n<p>Kun olin pieni, \u00e4itini sanoi kerran vieraiden kuullen: &#8221;Muut tekev\u00e4t mit\u00e4 osaavat, mutta Tuovi tekee mit\u00e4 haluaa.&#8221;<\/p>\n\n\n\n<p>Koska olin pieni tytt\u00f6nen ja \u00e4iti on aina oikeassa, uskoin sinisilm\u00e4isesti \u00e4itini sanat ja ne ovat kantaneet minua aina eteenp\u00e4in maailman tuivertavissa tuulissa, kaikissa hulluissa projekteissa mit\u00e4 mieleeni on juolahtanut.<br> Perinnehoito opettajani taas sanoi kerran, ett\u00e4 ihmiset kaipaavat sirkushuveja. P\u00e4\u00e4tin silloin luopua turhasta kainoudesta ja aina kuunnella syd\u00e4nt\u00e4ni tehd\u00e4kseni oikein, vaikka pelk\u00e4isin nolaavani itseni. Maailma tarvitsee avuliaita pellej\u00e4 jotka nolaavat itsens\u00e4 hyv\u00e4n asian puolesta.<\/p>\n\n\n\n<p>Ne Muut jutut l\u00f6yd\u00e4t alavalikosta. <\/p>\n","protected":false},"excerpt":{"rendered":"<p>Kun olin pieni, \u00e4itini sanoi kerran vieraiden kuullen: &#8221;Muut tekev\u00e4t mit\u00e4 osaavat, mutta Tuovi tekee mit\u00e4 haluaa.&#8221; Koska olin pieni tytt\u00f6nen ja \u00e4iti on aina oikeassa, uskoin sinisilm\u00e4isesti \u00e4itini sanat ja ne ovat kantaneet minua aina eteenp\u00e4in maailman tuivertavissa tuulissa, kaikissa hulluissa projekteissa mit\u00e4 mieleeni on juolahtanut. Perinnehoito opettajani taas sanoi kerran, ett\u00e4 ihmiset kaipaavat&#8230;<\/p>\n","protected":false},"author":1,"featured_media":0,"parent":0,"menu_order":0,"comment_status":"closed","ping_status":"closed","template":"","meta":{"_kad_post_transparent":"","_kad_post_title":"","_kad_post_layout":"","_kad_post_sidebar_id":"","_kad_post_content_style":"","_kad_post_vertical_padding":"","_kad_post_feature":"","_kad_post_feature_position":"","_kad_post_header":false,"_kad_post_footer":false,"_kad_post_classname":"","footnotes":""},"class_list":["post-573","page","type-page","status-publish","hentry"],"_links":{"self":[{"href":"https:\/\/tuovisulonenkarhu.fi\/index.php?rest_route=\/wp\/v2\/pages\/573","targetHints":{"allow":["GET"]}}],"collection":[{"href":"https:\/\/tuovisulonenkarhu.fi\/index.php?rest_route=\/wp\/v2\/pages"}],"about":[{"href":"https:\/\/tuovisulonenkarhu.fi\/index.php?rest_route=\/wp\/v2\/types\/page"}],"author":[{"embeddable":true,"href":"https:\/\/tuovisulonenkarhu.fi\/index.php?rest_route=\/wp\/v2\/users\/1"}],"replies":[{"embeddable":true,"href":"https:\/\/tuovisulonenkarhu.fi\/index.php?rest_route=%2Fwp%2Fv2%2Fcomments&post=573"}],"version-history":[{"count":2,"href":"https:\/\/tuovisulonenkarhu.fi\/index.php?rest_route=\/wp\/v2\/pages\/573\/revisions"}],"predecessor-version":[{"id":575,"href":"https:\/\/tuovisulonenkarhu.fi\/index.php?rest_route=\/wp\/v2\/pages\/573\/revisions\/575"}],"wp:attachment":[{"href":"https:\/\/tuovisulonenkarhu.fi\/index.php?rest_route=%2Fwp%2Fv2%2Fmedia&parent=573"}],"curies":[{"name":"wp","href":"https:\/\/api.w.org\/{rel}","templated":true}]}}