{"id":81,"date":"2026-02-18T07:28:45","date_gmt":"2026-02-18T07:28:45","guid":{"rendered":"https:\/\/tuovisulonenkarhu.fi\/?page_id=81"},"modified":"2026-03-18T11:04:36","modified_gmt":"2026-03-18T11:04:36","slug":"peilit","status":"publish","type":"page","link":"https:\/\/tuovisulonenkarhu.fi\/?page_id=81","title":{"rendered":"Peilit"},"content":{"rendered":"\n<figure class=\"wp-block-gallery has-nested-images columns-default is-cropped wp-block-gallery-1 is-layout-flex wp-block-gallery-is-layout-flex\">\n<figure class=\"wp-block-image size-large\"><img loading=\"lazy\" decoding=\"async\" width=\"702\" height=\"936\" data-id=\"146\" src=\"https:\/\/tuovisulonenkarhu.fi\/wp-content\/uploads\/2026\/02\/peilit.jpg\" alt=\"\" class=\"wp-image-146\" srcset=\"https:\/\/tuovisulonenkarhu.fi\/wp-content\/uploads\/2026\/02\/peilit.jpg 702w, https:\/\/tuovisulonenkarhu.fi\/wp-content\/uploads\/2026\/02\/peilit-225x300.jpg 225w\" sizes=\"auto, (max-width: 702px) 100vw, 702px\" \/><\/figure>\n<\/figure>\n\n\n\n<p>Pienet rokokoo k\u00e4sipeilit, 2024<br> Yksityiskokoelma<\/p>\n\n\n\n<figure class=\"wp-block-gallery has-nested-images columns-default is-cropped wp-block-gallery-2 is-layout-flex wp-block-gallery-is-layout-flex\">\n<figure class=\"wp-block-image size-large\"><img loading=\"lazy\" decoding=\"async\" width=\"703\" height=\"936\" data-id=\"148\" src=\"https:\/\/tuovisulonenkarhu.fi\/wp-content\/uploads\/2026\/02\/peilit1.jpg\" alt=\"\" class=\"wp-image-148\" srcset=\"https:\/\/tuovisulonenkarhu.fi\/wp-content\/uploads\/2026\/02\/peilit1.jpg 703w, https:\/\/tuovisulonenkarhu.fi\/wp-content\/uploads\/2026\/02\/peilit1-225x300.jpg 225w\" sizes=\"auto, (max-width: 703px) 100vw, 703px\" \/><\/figure>\n<\/figure>\n\n\n\n<p>Pieni rokokoo k\u00e4sipeili, 2024<br>Koivu, akryyli, lehtimetalli<br> Yksityiskokoelma<\/p>\n\n\n\n<figure class=\"wp-block-gallery has-nested-images columns-default is-cropped wp-block-gallery-3 is-layout-flex wp-block-gallery-is-layout-flex\">\n<figure class=\"wp-block-image size-large\"><img loading=\"lazy\" decoding=\"async\" width=\"540\" height=\"720\" data-id=\"149\" src=\"https:\/\/tuovisulonenkarhu.fi\/wp-content\/uploads\/2026\/02\/peili7.jpg\" alt=\"\" class=\"wp-image-149\" srcset=\"https:\/\/tuovisulonenkarhu.fi\/wp-content\/uploads\/2026\/02\/peili7.jpg 540w, https:\/\/tuovisulonenkarhu.fi\/wp-content\/uploads\/2026\/02\/peili7-225x300.jpg 225w\" sizes=\"auto, (max-width: 540px) 100vw, 540px\" \/><\/figure>\n\n\n\n<figure class=\"wp-block-image size-large\"><img loading=\"lazy\" decoding=\"async\" width=\"540\" height=\"720\" data-id=\"508\" src=\"https:\/\/tuovisulonenkarhu.fi\/wp-content\/uploads\/2026\/03\/25733_383555280558_2968757_n_383555280558.jpg\" alt=\"\" class=\"wp-image-508\" srcset=\"https:\/\/tuovisulonenkarhu.fi\/wp-content\/uploads\/2026\/03\/25733_383555280558_2968757_n_383555280558.jpg 540w, https:\/\/tuovisulonenkarhu.fi\/wp-content\/uploads\/2026\/03\/25733_383555280558_2968757_n_383555280558-225x300.jpg 225w\" sizes=\"auto, (max-width: 540px) 100vw, 540px\" \/><\/figure>\n<\/figure>\n\n\n\n<p>Pieni k\u00e4sipeili 2010<br>Koivu, metalli akryyli<br>Yksityiskokoelma, Helsinki <\/p>\n\n\n\n<figure class=\"wp-block-gallery has-nested-images columns-default is-cropped wp-block-gallery-4 is-layout-flex wp-block-gallery-is-layout-flex\">\n<figure class=\"wp-block-image size-large\"><img loading=\"lazy\" decoding=\"async\" width=\"702\" height=\"936\" data-id=\"150\" src=\"https:\/\/tuovisulonenkarhu.fi\/wp-content\/uploads\/2026\/02\/peili6.jpg\" alt=\"\" class=\"wp-image-150\" srcset=\"https:\/\/tuovisulonenkarhu.fi\/wp-content\/uploads\/2026\/02\/peili6.jpg 702w, https:\/\/tuovisulonenkarhu.fi\/wp-content\/uploads\/2026\/02\/peili6-225x300.jpg 225w\" sizes=\"auto, (max-width: 702px) 100vw, 702px\" \/><\/figure>\n<\/figure>\n\n\n\n<p>Pieni k\u00e4sipeili Yksisarvinen, 2023<br>Koivu, osmo colour<br>Tilausty\u00f6, yksityiskokoelma, Tampere<\/p>\n\n\n\n<figure class=\"wp-block-gallery has-nested-images columns-default is-cropped wp-block-gallery-5 is-layout-flex wp-block-gallery-is-layout-flex\">\n<figure class=\"wp-block-image size-large\"><img loading=\"lazy\" decoding=\"async\" width=\"604\" height=\"453\" data-id=\"506\" src=\"https:\/\/tuovisulonenkarhu.fi\/wp-content\/uploads\/2026\/03\/26987_323145380558_4307710_n_323145380558.jpg\" alt=\"\" class=\"wp-image-506\" srcset=\"https:\/\/tuovisulonenkarhu.fi\/wp-content\/uploads\/2026\/03\/26987_323145380558_4307710_n_323145380558.jpg 604w, https:\/\/tuovisulonenkarhu.fi\/wp-content\/uploads\/2026\/03\/26987_323145380558_4307710_n_323145380558-300x225.jpg 300w\" sizes=\"auto, (max-width: 604px) 100vw, 604px\" \/><\/figure>\n<\/figure>\n\n\n\n<p>Yst\u00e4v\u00e4ni Sallan suunnittelema enkelinsiipi meikkipeili, 2010<br>Koivu, \u00f6ljyv\u00e4ri, lehtikulta p\u00f6ly<br>Helsinki, yksityiskokoelma<\/p>\n\n\n\n<figure class=\"wp-block-gallery has-nested-images columns-default is-cropped wp-block-gallery-6 is-layout-flex wp-block-gallery-is-layout-flex\">\n<figure class=\"wp-block-image size-large\"><img loading=\"lazy\" decoding=\"async\" width=\"540\" height=\"720\" data-id=\"235\" src=\"https:\/\/tuovisulonenkarhu.fi\/wp-content\/uploads\/2026\/02\/25733_383792710558_1254268_n_383792710558.jpg\" alt=\"\" class=\"wp-image-235\" srcset=\"https:\/\/tuovisulonenkarhu.fi\/wp-content\/uploads\/2026\/02\/25733_383792710558_1254268_n_383792710558.jpg 540w, https:\/\/tuovisulonenkarhu.fi\/wp-content\/uploads\/2026\/02\/25733_383792710558_1254268_n_383792710558-225x300.jpg 225w\" sizes=\"auto, (max-width: 540px) 100vw, 540px\" \/><\/figure>\n<\/figure>\n\n\n\n<p>Asuessani Helsingiss\u00e4 joskus vuonna 2010, olin t\u00f6iss\u00e4 taiteilija Tuula Laukan galleriassa. H\u00e4n suunnitteli ja valmisti upeita keramiikka koruja, joita min\u00e4kin siell\u00e4 valmistin. Silloin veistelin paljon n\u00e4it\u00e4 pieni\u00e4 peilej\u00e4 ja Tuula suunnitteli t\u00e4ll\u00e4isen pienen peilin, joka voisi olla myynniss\u00e4 h\u00e4nen galleriassaan Mannerheimintiell\u00e4. En ollenkaan muista meniv\u00e4tk\u00f6 n\u00e4m\u00e4 kaupaksi, mutta oli mukava veist\u00e4\u00e4 taiteilijan suunnitelema peili. N\u00e4iden kahden pikkupeilin sijainti ei ole minulla tiedossa, mutta onpahan tullut tehty\u00e4.<\/p>\n\n\n\n<figure class=\"wp-block-gallery has-nested-images columns-default is-cropped wp-block-gallery-7 is-layout-flex wp-block-gallery-is-layout-flex\">\n<figure class=\"wp-block-image size-large\"><img loading=\"lazy\" decoding=\"async\" width=\"720\" height=\"540\" data-id=\"237\" src=\"https:\/\/tuovisulonenkarhu.fi\/wp-content\/uploads\/2026\/02\/25733_383792725558_6749329_n_383792725558-1.jpg\" alt=\"\" class=\"wp-image-237\" srcset=\"https:\/\/tuovisulonenkarhu.fi\/wp-content\/uploads\/2026\/02\/25733_383792725558_6749329_n_383792725558-1.jpg 720w, https:\/\/tuovisulonenkarhu.fi\/wp-content\/uploads\/2026\/02\/25733_383792725558_6749329_n_383792725558-1-300x225.jpg 300w\" sizes=\"auto, (max-width: 720px) 100vw, 720px\" \/><\/figure>\n<\/figure>\n\n\n\n<p>Pieni meikkipeili, 2010<br>Koivu, \u00f6jyv\u00e4ri, lehtikulta p\u00f6ly<br>Helsinki<\/p>\n\n\n\n<figure class=\"wp-block-gallery has-nested-images columns-default is-cropped wp-block-gallery-8 is-layout-flex wp-block-gallery-is-layout-flex\"><\/figure>\n\n\n\n<p><\/p>\n\n\n\n<figure class=\"wp-block-gallery has-nested-images columns-default is-cropped wp-block-gallery-9 is-layout-flex wp-block-gallery-is-layout-flex\">\n<figure class=\"wp-block-image size-large\"><img loading=\"lazy\" decoding=\"async\" width=\"937\" height=\"703\" data-id=\"151\" src=\"https:\/\/tuovisulonenkarhu.fi\/wp-content\/uploads\/2026\/02\/peili9.jpg\" alt=\"\" class=\"wp-image-151\" srcset=\"https:\/\/tuovisulonenkarhu.fi\/wp-content\/uploads\/2026\/02\/peili9.jpg 937w, https:\/\/tuovisulonenkarhu.fi\/wp-content\/uploads\/2026\/02\/peili9-300x225.jpg 300w, https:\/\/tuovisulonenkarhu.fi\/wp-content\/uploads\/2026\/02\/peili9-768x576.jpg 768w\" sizes=\"auto, (max-width: 937px) 100vw, 937px\" \/><\/figure>\n<\/figure>\n\n\n\n<p>K\u00e4sipeili Seepranainen, 2022<br>Koivi, vesiv\u00e4ri, osmo colour<br>Tilausty\u00f6, yksityiskokoelma<\/p>\n\n\n\n<figure class=\"wp-block-gallery has-nested-images columns-default is-cropped wp-block-gallery-10 is-layout-flex wp-block-gallery-is-layout-flex\">\n<figure class=\"wp-block-image size-large\"><img loading=\"lazy\" decoding=\"async\" width=\"702\" height=\"936\" data-id=\"152\" src=\"https:\/\/tuovisulonenkarhu.fi\/wp-content\/uploads\/2026\/02\/peili4.jpg\" alt=\"\" class=\"wp-image-152\" srcset=\"https:\/\/tuovisulonenkarhu.fi\/wp-content\/uploads\/2026\/02\/peili4.jpg 702w, https:\/\/tuovisulonenkarhu.fi\/wp-content\/uploads\/2026\/02\/peili4-225x300.jpg 225w\" sizes=\"auto, (max-width: 702px) 100vw, 702px\" \/><\/figure>\n<\/figure>\n\n\n\n<p>Koristeveistetty peili Ensimm\u00e4inen kes\u00e4, 2006 <br>Koivu ja osmo colour<br>Tekij\u00e4n omistuksessa<\/p>\n\n\n\n<figure class=\"wp-block-gallery has-nested-images columns-default is-cropped wp-block-gallery-11 is-layout-flex wp-block-gallery-is-layout-flex\">\n<figure class=\"wp-block-image size-large\"><img loading=\"lazy\" decoding=\"async\" width=\"702\" height=\"936\" data-id=\"153\" src=\"https:\/\/tuovisulonenkarhu.fi\/wp-content\/uploads\/2026\/02\/peilili5.jpg\" alt=\"\" class=\"wp-image-153\" srcset=\"https:\/\/tuovisulonenkarhu.fi\/wp-content\/uploads\/2026\/02\/peilili5.jpg 702w, https:\/\/tuovisulonenkarhu.fi\/wp-content\/uploads\/2026\/02\/peilili5-225x300.jpg 225w\" sizes=\"auto, (max-width: 702px) 100vw, 702px\" \/><\/figure>\n<\/figure>\n\n\n\n<p><em>Kis\u00e4llipeili, puusep\u00e4nalan ammattitutkinto, 2008<\/em><br>Koivu, osmo colour<br><em>Tekij\u00e4n omistuksessa<\/em><\/p>\n\n\n\n<p>Kis\u00e4lli koe on kahden viikonlopun mittainen ammattitutkinto, jonka aikana veistettiin itsesuunniteltu talonpoikaisrokokoo tyylinen peili puoliksi ylh\u00e4\u00e4lt\u00e4 alas. Sen lis\u00e4ksi tutkinnon aikana suoritettiin lieri\u00f6n ja tason sorvaus, sorvatun tuotteen veisto, veistorautojen teroitus, reliefin veisto ja kirjallinen koe.<br>Olin seitsem\u00e4s nainen suomessa, jolle my\u00f6nnettiin koristeveist\u00e4j\u00e4 kis\u00e4llin arvo.<\/p>\n\n\n\n<p><br><\/p>\n\n\n\n<figure class=\"wp-block-gallery has-nested-images columns-default is-cropped wp-block-gallery-12 is-layout-flex wp-block-gallery-is-layout-flex\">\n<figure class=\"wp-block-image size-large\"><img loading=\"lazy\" decoding=\"async\" width=\"702\" height=\"936\" data-id=\"154\" src=\"https:\/\/tuovisulonenkarhu.fi\/wp-content\/uploads\/2026\/02\/peii3.jpg\" alt=\"\" class=\"wp-image-154\" srcset=\"https:\/\/tuovisulonenkarhu.fi\/wp-content\/uploads\/2026\/02\/peii3.jpg 702w, https:\/\/tuovisulonenkarhu.fi\/wp-content\/uploads\/2026\/02\/peii3-225x300.jpg 225w\" sizes=\"auto, (max-width: 702px) 100vw, 702px\" \/><\/figure>\n<\/figure>\n\n\n\n<p><em>Talonpoiskais rokokoopeili, 2006<\/em><br><em> koivu osmo colour<\/em>.<br>Tekij\u00e4n omistuksessa<\/p>\n","protected":false},"excerpt":{"rendered":"<p>Pienet rokokoo k\u00e4sipeilit, 2024 Yksityiskokoelma Pieni rokokoo k\u00e4sipeili, 2024Koivu, akryyli, lehtimetalli Yksityiskokoelma Pieni k\u00e4sipeili 2010Koivu, metalli akryyliYksityiskokoelma, Helsinki Pieni k\u00e4sipeili Yksisarvinen, 2023Koivu, osmo colourTilausty\u00f6, yksityiskokoelma, Tampere Yst\u00e4v\u00e4ni Sallan suunnittelema enkelinsiipi meikkipeili, 2010Koivu, \u00f6ljyv\u00e4ri, lehtikulta p\u00f6lyHelsinki, yksityiskokoelma Asuessani Helsingiss\u00e4 joskus vuonna 2010, olin t\u00f6iss\u00e4 taiteilija Tuula Laukan galleriassa. H\u00e4n suunnitteli ja valmisti upeita keramiikka koruja, joita&#8230;<\/p>\n","protected":false},"author":1,"featured_media":0,"parent":13,"menu_order":0,"comment_status":"closed","ping_status":"closed","template":"","meta":{"_kad_post_transparent":"","_kad_post_title":"","_kad_post_layout":"","_kad_post_sidebar_id":"","_kad_post_content_style":"","_kad_post_vertical_padding":"","_kad_post_feature":"","_kad_post_feature_position":"","_kad_post_header":false,"_kad_post_footer":false,"_kad_post_classname":"","footnotes":""},"class_list":["post-81","page","type-page","status-publish","hentry"],"_links":{"self":[{"href":"https:\/\/tuovisulonenkarhu.fi\/index.php?rest_route=\/wp\/v2\/pages\/81","targetHints":{"allow":["GET"]}}],"collection":[{"href":"https:\/\/tuovisulonenkarhu.fi\/index.php?rest_route=\/wp\/v2\/pages"}],"about":[{"href":"https:\/\/tuovisulonenkarhu.fi\/index.php?rest_route=\/wp\/v2\/types\/page"}],"author":[{"embeddable":true,"href":"https:\/\/tuovisulonenkarhu.fi\/index.php?rest_route=\/wp\/v2\/users\/1"}],"replies":[{"embeddable":true,"href":"https:\/\/tuovisulonenkarhu.fi\/index.php?rest_route=%2Fwp%2Fv2%2Fcomments&post=81"}],"version-history":[{"count":17,"href":"https:\/\/tuovisulonenkarhu.fi\/index.php?rest_route=\/wp\/v2\/pages\/81\/revisions"}],"predecessor-version":[{"id":577,"href":"https:\/\/tuovisulonenkarhu.fi\/index.php?rest_route=\/wp\/v2\/pages\/81\/revisions\/577"}],"up":[{"embeddable":true,"href":"https:\/\/tuovisulonenkarhu.fi\/index.php?rest_route=\/wp\/v2\/pages\/13"}],"wp:attachment":[{"href":"https:\/\/tuovisulonenkarhu.fi\/index.php?rest_route=%2Fwp%2Fv2%2Fmedia&parent=81"}],"curies":[{"name":"wp","href":"https:\/\/api.w.org\/{rel}","templated":true}]}}