{"id":83,"date":"2026-02-18T07:29:39","date_gmt":"2026-02-18T07:29:39","guid":{"rendered":"https:\/\/tuovisulonenkarhu.fi\/?page_id=83"},"modified":"2026-03-18T09:47:03","modified_gmt":"2026-03-18T09:47:03","slug":"prosessikuvia","status":"publish","type":"page","link":"https:\/\/tuovisulonenkarhu.fi\/?page_id=83","title":{"rendered":"Prosessikuvia"},"content":{"rendered":"\n<figure class=\"wp-block-gallery has-nested-images columns-default is-cropped wp-block-gallery-1 is-layout-flex wp-block-gallery-is-layout-flex\">\n<figure class=\"wp-block-image size-large\"><img loading=\"lazy\" decoding=\"async\" width=\"937\" height=\"527\" data-id=\"159\" src=\"https:\/\/tuovisulonenkarhu.fi\/wp-content\/uploads\/2026\/02\/IMG-20240106-WA0006.jpeg\" alt=\"\" class=\"wp-image-159\" srcset=\"https:\/\/tuovisulonenkarhu.fi\/wp-content\/uploads\/2026\/02\/IMG-20240106-WA0006.jpeg 937w, https:\/\/tuovisulonenkarhu.fi\/wp-content\/uploads\/2026\/02\/IMG-20240106-WA0006-300x169.jpeg 300w, https:\/\/tuovisulonenkarhu.fi\/wp-content\/uploads\/2026\/02\/IMG-20240106-WA0006-768x432.jpeg 768w\" sizes=\"auto, (max-width: 937px) 100vw, 937px\" \/><figcaption class=\"wp-element-caption\">Arkea ja veistoa<\/figcaption><\/figure>\n\n\n\n<figure class=\"wp-block-image size-large\"><img decoding=\"async\" data-id=\"311\" src=\"https:\/\/tuovisulonenkarhu.fi\/wp-content\/uploads\/2026\/02\/IMG_20240107_123115.jpg\" alt=\"\" class=\"wp-image-311\"\/><\/figure>\n<\/figure>\n\n\n\n<p>Ruusys\u00e4ngyn valmistusta jouluna 2023.<br> Edelliset kolme ruusus\u00e4nky\u00e4 veistin kouluaikoina Jurvassa, tilaa oli sek\u00e4 kaikki pelit ja vehkeet. Haastetta hommaan saa mukavasti n\u00e4in kotioloissa. En voi kuin olla kiitollinen perheelleni siit\u00e4 loputtomasta k\u00e4rsiv\u00e4llisyydest\u00e4, mit\u00e4 lastut s\u00e4ngyss\u00e4 ja hiontap\u00f6ly aamupalaleiv\u00e4n vieress\u00e4 voikaan vaatia.<\/p>\n\n\n\n<p><\/p>\n\n\n\n<figure class=\"wp-block-gallery has-nested-images columns-default is-cropped wp-block-gallery-2 is-layout-flex wp-block-gallery-is-layout-flex\">\n<figure class=\"wp-block-image size-large\"><img loading=\"lazy\" decoding=\"async\" width=\"1922\" height=\"2560\" data-id=\"306\" src=\"https:\/\/tuovisulonenkarhu.fi\/wp-content\/uploads\/2026\/02\/IMG_20240105_184053-scaled.jpg\" alt=\"\" class=\"wp-image-306\" srcset=\"https:\/\/tuovisulonenkarhu.fi\/wp-content\/uploads\/2026\/02\/IMG_20240105_184053-scaled.jpg 1922w, https:\/\/tuovisulonenkarhu.fi\/wp-content\/uploads\/2026\/02\/IMG_20240105_184053-225x300.jpg 225w\" sizes=\"auto, (max-width: 1922px) 100vw, 1922px\" \/><\/figure>\n\n\n\n<figure class=\"wp-block-image size-large\"><img loading=\"lazy\" decoding=\"async\" width=\"2560\" height=\"1922\" data-id=\"305\" src=\"https:\/\/tuovisulonenkarhu.fi\/wp-content\/uploads\/2026\/02\/IMG_20231227_154004-scaled.jpg\" alt=\"\" class=\"wp-image-305\" srcset=\"https:\/\/tuovisulonenkarhu.fi\/wp-content\/uploads\/2026\/02\/IMG_20231227_154004-scaled.jpg 2560w, https:\/\/tuovisulonenkarhu.fi\/wp-content\/uploads\/2026\/02\/IMG_20231227_154004-300x225.jpg 300w\" sizes=\"auto, (max-width: 2560px) 100vw, 2560px\" \/><\/figure>\n<\/figure>\n\n\n\n<p>Pitk\u00e4\u00e4 p\u00e4iv\u00e4\u00e4, dethline l\u00e4hestyy.<\/p>\n\n\n\n<figure class=\"wp-block-gallery has-nested-images columns-default is-cropped wp-block-gallery-3 is-layout-flex wp-block-gallery-is-layout-flex\">\n<figure class=\"wp-block-image size-large\"><img loading=\"lazy\" decoding=\"async\" width=\"1922\" height=\"2560\" data-id=\"304\" src=\"https:\/\/tuovisulonenkarhu.fi\/wp-content\/uploads\/2026\/02\/IMG_20231226_130456-scaled.jpg\" alt=\"\" class=\"wp-image-304\" srcset=\"https:\/\/tuovisulonenkarhu.fi\/wp-content\/uploads\/2026\/02\/IMG_20231226_130456-scaled.jpg 1922w, https:\/\/tuovisulonenkarhu.fi\/wp-content\/uploads\/2026\/02\/IMG_20231226_130456-225x300.jpg 225w\" sizes=\"auto, (max-width: 1922px) 100vw, 1922px\" \/><\/figure>\n\n\n\n<figure class=\"wp-block-image size-large\"><img decoding=\"async\" data-id=\"307\" src=\"https:\/\/tuovisulonenkarhu.fi\/wp-content\/uploads\/2026\/02\/IMG_20240106_125733.jpg\" alt=\"\" class=\"wp-image-307\"\/><\/figure>\n<\/figure>\n\n\n\n<p>Kyll\u00e4h\u00e4n min\u00e4 aloitin hommat t\u00e4\u00e4ll\u00e4 verstaan virkaa toimittavassa navetankeitti\u00f6ss\u00e4. Muuripadalla ei kuitenkaan -25asteen pakkasia ulkona pidet\u00e4, ja kun liimasaumat alkoivat vain j\u00e4\u00e4ty\u00e4, k\u00e4ski mieheni minut sis\u00e4lle jatkamaan. Olihan se huomattavasti mukavanpaa veistell\u00e4, puuhellan l\u00e4mm\u00f6ss\u00e4.<\/p>\n\n\n\n<p><\/p>\n\n\n\n<p><strong>Lapinp\u00f6ll\u00f6<\/strong><\/p>\n\n\n\n<p>Yhteisty\u00f6projekti Mestaritakoja Seppo Riihosen kanssa lenn\u00e4tti t\u00e4m\u00e4n hieman jo kyll\u00e4styneen oloisen p\u00f6ller\u00f6n upeine puineen Ivalon lentokent\u00e4lle asti.<\/p>\n\n\n\n<figure class=\"wp-block-gallery has-nested-images columns-default is-cropped wp-block-gallery-4 is-layout-flex wp-block-gallery-is-layout-flex\">\n<figure class=\"wp-block-image size-large\"><img loading=\"lazy\" decoding=\"async\" width=\"703\" height=\"936\" data-id=\"164\" src=\"https:\/\/tuovisulonenkarhu.fi\/wp-content\/uploads\/2026\/02\/IMG_20231201_155554.jpg\" alt=\"\" class=\"wp-image-164\" srcset=\"https:\/\/tuovisulonenkarhu.fi\/wp-content\/uploads\/2026\/02\/IMG_20231201_155554.jpg 703w, https:\/\/tuovisulonenkarhu.fi\/wp-content\/uploads\/2026\/02\/IMG_20231201_155554-225x300.jpg 225w\" sizes=\"auto, (max-width: 703px) 100vw, 703px\" \/><\/figure>\n\n\n\n<figure class=\"wp-block-image size-large\"><img loading=\"lazy\" decoding=\"async\" width=\"2560\" height=\"1922\" data-id=\"303\" src=\"https:\/\/tuovisulonenkarhu.fi\/wp-content\/uploads\/2026\/02\/IMG_20231207_155424-scaled.jpg\" alt=\"\" class=\"wp-image-303\" srcset=\"https:\/\/tuovisulonenkarhu.fi\/wp-content\/uploads\/2026\/02\/IMG_20231207_155424-scaled.jpg 2560w, https:\/\/tuovisulonenkarhu.fi\/wp-content\/uploads\/2026\/02\/IMG_20231207_155424-300x225.jpg 300w\" sizes=\"auto, (max-width: 2560px) 100vw, 2560px\" \/><\/figure>\n<\/figure>\n\n\n\n<p><\/p>\n\n\n\n<figure class=\"wp-block-gallery has-nested-images columns-default is-cropped wp-block-gallery-5 is-layout-flex wp-block-gallery-is-layout-flex\">\n<figure class=\"wp-block-image size-large\"><img loading=\"lazy\" decoding=\"async\" width=\"527\" height=\"936\" data-id=\"167\" src=\"https:\/\/tuovisulonenkarhu.fi\/wp-content\/uploads\/2026\/02\/IMG-20231207-WA0002.jpeg\" alt=\"\" class=\"wp-image-167\" srcset=\"https:\/\/tuovisulonenkarhu.fi\/wp-content\/uploads\/2026\/02\/IMG-20231207-WA0002.jpeg 527w, https:\/\/tuovisulonenkarhu.fi\/wp-content\/uploads\/2026\/02\/IMG-20231207-WA0002-169x300.jpeg 169w\" sizes=\"auto, (max-width: 527px) 100vw, 527px\" \/><\/figure>\n\n\n\n<figure class=\"wp-block-image size-large\"><img loading=\"lazy\" decoding=\"async\" width=\"702\" height=\"936\" data-id=\"208\" src=\"https:\/\/tuovisulonenkarhu.fi\/wp-content\/uploads\/2026\/02\/IMG-20241118-WA0004.jpg\" alt=\"\" class=\"wp-image-208\" srcset=\"https:\/\/tuovisulonenkarhu.fi\/wp-content\/uploads\/2026\/02\/IMG-20241118-WA0004.jpg 702w, https:\/\/tuovisulonenkarhu.fi\/wp-content\/uploads\/2026\/02\/IMG-20241118-WA0004-225x300.jpg 225w\" sizes=\"auto, (max-width: 702px) 100vw, 702px\" \/><\/figure>\n<\/figure>\n\n\n\n<p>Keitti\u00f6n kaaokseta avaraan Lappiin<\/p>\n\n\n\n<figure class=\"wp-block-gallery has-nested-images columns-default is-cropped wp-block-gallery-6 is-layout-flex wp-block-gallery-is-layout-flex\">\n<figure class=\"wp-block-image size-large\"><img loading=\"lazy\" decoding=\"async\" width=\"752\" height=\"1024\" data-id=\"32\" src=\"https:\/\/tuovisulonenkarhu.fi\/wp-content\/uploads\/2026\/02\/20260216_114047-COLLAGE2-1-752x1024.jpg\" alt=\"\" class=\"wp-image-32\" srcset=\"https:\/\/tuovisulonenkarhu.fi\/wp-content\/uploads\/2026\/02\/20260216_114047-COLLAGE2-1-752x1024.jpg 752w, https:\/\/tuovisulonenkarhu.fi\/wp-content\/uploads\/2026\/02\/20260216_114047-COLLAGE2-1-220x300.jpg 220w, https:\/\/tuovisulonenkarhu.fi\/wp-content\/uploads\/2026\/02\/20260216_114047-COLLAGE2-1-768x1046.jpg 768w, https:\/\/tuovisulonenkarhu.fi\/wp-content\/uploads\/2026\/02\/20260216_114047-COLLAGE2-1-1128x1536.jpg 1128w, https:\/\/tuovisulonenkarhu.fi\/wp-content\/uploads\/2026\/02\/20260216_114047-COLLAGE2-1-1503x2048.jpg 1503w, https:\/\/tuovisulonenkarhu.fi\/wp-content\/uploads\/2026\/02\/20260216_114047-COLLAGE2-1-scaled.jpg 1879w\" sizes=\"auto, (max-width: 752px) 100vw, 752px\" \/><\/figure>\n<\/figure>\n\n\n\n<p><\/p>\n\n\n\n<p><\/p>\n\n\n\n<p><strong>Helmip\u00f6ll\u00f6<\/strong><\/p>\n\n\n\n<figure class=\"wp-block-gallery has-nested-images columns-default is-cropped wp-block-gallery-7 is-layout-flex wp-block-gallery-is-layout-flex\">\n<figure class=\"wp-block-image size-large\"><img loading=\"lazy\" decoding=\"async\" width=\"703\" height=\"936\" data-id=\"190\" src=\"https:\/\/tuovisulonenkarhu.fi\/wp-content\/uploads\/2026\/02\/IMG_20250225_185616.jpg\" alt=\"\" class=\"wp-image-190\" srcset=\"https:\/\/tuovisulonenkarhu.fi\/wp-content\/uploads\/2026\/02\/IMG_20250225_185616.jpg 703w, https:\/\/tuovisulonenkarhu.fi\/wp-content\/uploads\/2026\/02\/IMG_20250225_185616-225x300.jpg 225w\" sizes=\"auto, (max-width: 703px) 100vw, 703px\" \/><\/figure>\n<\/figure>\n\n\n\n<p><\/p>\n\n\n\n<figure class=\"wp-block-gallery has-nested-images columns-default is-cropped wp-block-gallery-8 is-layout-flex wp-block-gallery-is-layout-flex\">\n<figure class=\"wp-block-image size-large\"><img loading=\"lazy\" decoding=\"async\" width=\"703\" height=\"936\" data-id=\"192\" src=\"https:\/\/tuovisulonenkarhu.fi\/wp-content\/uploads\/2026\/02\/IMG_20250226_101403.jpg\" alt=\"\" class=\"wp-image-192\" srcset=\"https:\/\/tuovisulonenkarhu.fi\/wp-content\/uploads\/2026\/02\/IMG_20250226_101403.jpg 703w, https:\/\/tuovisulonenkarhu.fi\/wp-content\/uploads\/2026\/02\/IMG_20250226_101403-225x300.jpg 225w\" sizes=\"auto, (max-width: 703px) 100vw, 703px\" \/><\/figure>\n<\/figure>\n\n\n\n<p><\/p>\n\n\n\n<figure class=\"wp-block-gallery has-nested-images columns-default is-cropped wp-block-gallery-9 is-layout-flex wp-block-gallery-is-layout-flex\">\n<figure class=\"wp-block-image size-large\"><img loading=\"lazy\" decoding=\"async\" width=\"703\" height=\"936\" data-id=\"193\" src=\"https:\/\/tuovisulonenkarhu.fi\/wp-content\/uploads\/2026\/02\/IMG_20250326_105017.jpg\" alt=\"\" class=\"wp-image-193\" srcset=\"https:\/\/tuovisulonenkarhu.fi\/wp-content\/uploads\/2026\/02\/IMG_20250326_105017.jpg 703w, https:\/\/tuovisulonenkarhu.fi\/wp-content\/uploads\/2026\/02\/IMG_20250326_105017-225x300.jpg 225w\" sizes=\"auto, (max-width: 703px) 100vw, 703px\" \/><\/figure>\n<\/figure>\n\n\n\n<p><\/p>\n\n\n\n<figure class=\"wp-block-gallery has-nested-images columns-default is-cropped wp-block-gallery-10 is-layout-flex wp-block-gallery-is-layout-flex\">\n<figure class=\"wp-block-image size-large\"><img loading=\"lazy\" decoding=\"async\" width=\"703\" height=\"936\" data-id=\"194\" src=\"https:\/\/tuovisulonenkarhu.fi\/wp-content\/uploads\/2026\/02\/IMG_20241106_175301.jpg\" alt=\"\" class=\"wp-image-194\" srcset=\"https:\/\/tuovisulonenkarhu.fi\/wp-content\/uploads\/2026\/02\/IMG_20241106_175301.jpg 703w, https:\/\/tuovisulonenkarhu.fi\/wp-content\/uploads\/2026\/02\/IMG_20241106_175301-225x300.jpg 225w\" sizes=\"auto, (max-width: 703px) 100vw, 703px\" \/><\/figure>\n<\/figure>\n\n\n\n<p><\/p>\n\n\n\n<figure class=\"wp-block-gallery has-nested-images columns-default is-cropped wp-block-gallery-11 is-layout-flex wp-block-gallery-is-layout-flex\">\n<figure class=\"wp-block-image size-large\"><img loading=\"lazy\" decoding=\"async\" width=\"702\" height=\"936\" data-id=\"195\" src=\"https:\/\/tuovisulonenkarhu.fi\/wp-content\/uploads\/2026\/02\/IMG_20220923_203251.jpg\" alt=\"\" class=\"wp-image-195\" srcset=\"https:\/\/tuovisulonenkarhu.fi\/wp-content\/uploads\/2026\/02\/IMG_20220923_203251.jpg 702w, https:\/\/tuovisulonenkarhu.fi\/wp-content\/uploads\/2026\/02\/IMG_20220923_203251-225x300.jpg 225w\" sizes=\"auto, (max-width: 702px) 100vw, 702px\" \/><figcaption class=\"wp-element-caption\">oneplus_0<\/figcaption><\/figure>\n<\/figure>\n\n\n\n<p><\/p>\n\n\n\n<figure class=\"wp-block-gallery has-nested-images columns-default is-cropped wp-block-gallery-12 is-layout-flex wp-block-gallery-is-layout-flex\">\n<figure class=\"wp-block-image size-large\"><img loading=\"lazy\" decoding=\"async\" width=\"703\" height=\"936\" data-id=\"196\" src=\"https:\/\/tuovisulonenkarhu.fi\/wp-content\/uploads\/2026\/02\/IMG_20241201_154815.jpg\" alt=\"\" class=\"wp-image-196\" srcset=\"https:\/\/tuovisulonenkarhu.fi\/wp-content\/uploads\/2026\/02\/IMG_20241201_154815.jpg 703w, https:\/\/tuovisulonenkarhu.fi\/wp-content\/uploads\/2026\/02\/IMG_20241201_154815-225x300.jpg 225w\" sizes=\"auto, (max-width: 703px) 100vw, 703px\" \/><\/figure>\n<\/figure>\n\n\n\n<p><\/p>\n\n\n\n<figure class=\"wp-block-gallery has-nested-images columns-default is-cropped wp-block-gallery-13 is-layout-flex wp-block-gallery-is-layout-flex\">\n<figure class=\"wp-block-image size-large\"><img loading=\"lazy\" decoding=\"async\" width=\"703\" height=\"936\" data-id=\"197\" src=\"https:\/\/tuovisulonenkarhu.fi\/wp-content\/uploads\/2026\/02\/IMG_20241201_121623.jpg\" alt=\"\" class=\"wp-image-197\" srcset=\"https:\/\/tuovisulonenkarhu.fi\/wp-content\/uploads\/2026\/02\/IMG_20241201_121623.jpg 703w, https:\/\/tuovisulonenkarhu.fi\/wp-content\/uploads\/2026\/02\/IMG_20241201_121623-225x300.jpg 225w\" sizes=\"auto, (max-width: 703px) 100vw, 703px\" \/><\/figure>\n<\/figure>\n\n\n\n<p><\/p>\n\n\n\n<figure class=\"wp-block-gallery has-nested-images columns-default is-cropped wp-block-gallery-14 is-layout-flex wp-block-gallery-is-layout-flex\">\n<figure class=\"wp-block-image size-large\"><img loading=\"lazy\" decoding=\"async\" width=\"937\" height=\"432\" data-id=\"198\" src=\"https:\/\/tuovisulonenkarhu.fi\/wp-content\/uploads\/2026\/02\/IMG-20250310-WA0019.jpg\" alt=\"\" class=\"wp-image-198\" srcset=\"https:\/\/tuovisulonenkarhu.fi\/wp-content\/uploads\/2026\/02\/IMG-20250310-WA0019.jpg 937w, https:\/\/tuovisulonenkarhu.fi\/wp-content\/uploads\/2026\/02\/IMG-20250310-WA0019-300x138.jpg 300w, https:\/\/tuovisulonenkarhu.fi\/wp-content\/uploads\/2026\/02\/IMG-20250310-WA0019-768x354.jpg 768w\" sizes=\"auto, (max-width: 937px) 100vw, 937px\" \/><\/figure>\n<\/figure>\n\n\n\n<p><\/p>\n\n\n\n<figure class=\"wp-block-gallery has-nested-images columns-default is-cropped wp-block-gallery-15 is-layout-flex wp-block-gallery-is-layout-flex\">\n<figure class=\"wp-block-image size-large\"><img loading=\"lazy\" decoding=\"async\" width=\"937\" height=\"704\" data-id=\"199\" src=\"https:\/\/tuovisulonenkarhu.fi\/wp-content\/uploads\/2026\/02\/IMG_20250201_141044.jpg\" alt=\"\" class=\"wp-image-199\" srcset=\"https:\/\/tuovisulonenkarhu.fi\/wp-content\/uploads\/2026\/02\/IMG_20250201_141044.jpg 937w, https:\/\/tuovisulonenkarhu.fi\/wp-content\/uploads\/2026\/02\/IMG_20250201_141044-300x225.jpg 300w, https:\/\/tuovisulonenkarhu.fi\/wp-content\/uploads\/2026\/02\/IMG_20250201_141044-768x577.jpg 768w\" sizes=\"auto, (max-width: 937px) 100vw, 937px\" \/><\/figure>\n<\/figure>\n\n\n\n<p><\/p>\n\n\n\n<figure class=\"wp-block-gallery has-nested-images columns-default is-cropped wp-block-gallery-16 is-layout-flex wp-block-gallery-is-layout-flex\">\n<figure class=\"wp-block-image size-large\"><img loading=\"lazy\" decoding=\"async\" width=\"703\" height=\"936\" data-id=\"212\" src=\"https:\/\/tuovisulonenkarhu.fi\/wp-content\/uploads\/2026\/02\/IMG_20240603_154904.jpg\" alt=\"\" class=\"wp-image-212\" srcset=\"https:\/\/tuovisulonenkarhu.fi\/wp-content\/uploads\/2026\/02\/IMG_20240603_154904.jpg 703w, https:\/\/tuovisulonenkarhu.fi\/wp-content\/uploads\/2026\/02\/IMG_20240603_154904-225x300.jpg 225w\" sizes=\"auto, (max-width: 703px) 100vw, 703px\" \/><\/figure>\n<\/figure>\n\n\n\n<p><\/p>\n\n\n\n<figure class=\"wp-block-gallery has-nested-images columns-default is-cropped wp-block-gallery-17 is-layout-flex wp-block-gallery-is-layout-flex\">\n<figure class=\"wp-block-image size-large\"><img loading=\"lazy\" decoding=\"async\" width=\"703\" height=\"936\" data-id=\"213\" src=\"https:\/\/tuovisulonenkarhu.fi\/wp-content\/uploads\/2026\/02\/IMG_20240627_132353.jpg\" alt=\"\" class=\"wp-image-213\" srcset=\"https:\/\/tuovisulonenkarhu.fi\/wp-content\/uploads\/2026\/02\/IMG_20240627_132353.jpg 703w, https:\/\/tuovisulonenkarhu.fi\/wp-content\/uploads\/2026\/02\/IMG_20240627_132353-225x300.jpg 225w\" sizes=\"auto, (max-width: 703px) 100vw, 703px\" \/><\/figure>\n<\/figure>\n\n\n\n<p><\/p>\n\n\n\n<p><\/p>\n\n\n\n<p>Toteemipaalu Rootskyl\u00e4ss\u00e4 Faces festareilla joskus 2010 vuoden hujakoilla. Veistin koko viikon maassa k\u00f6k\u00f6tt\u00e4en t\u00e4t\u00e4 tuoretta koivutukkia. Ranteet olivat levossa niin kipe\u00e4t, ett\u00e4 en voinut lopettaa veist\u00e4mist\u00e4, vaan veistin t\u00e4t\u00e4 aamusta iltaan. Onneksi muisoista on h\u00e4m\u00e4rtynyt se miten selvisin \u00f6ist\u00e4. Ostin festareilta my\u00f6s ensimm\u00e4isen rumpunahkani ja se oli kojootin. Rakensimme kyl\u00e4\u00e4 viikon ennen varsinaisia festareita. Kun festarit alkoivat alkoi my\u00f6s rankkasade. Asuin kahden hengen telttassa poikayst\u00e4v\u00e4ni kanssa ja tiestysti rumpunahka kastui jo ensimm\u00e4isen\u00e4 y\u00f6n\u00e4. Kun sade ei juuri taukoja pidellyt, oli sunnuntaina teltta niin raadon hajuinen, ett\u00e4 huippasi. Kaiken lis\u00e4ksi k\u00e4rsimme hajusta koko viikonlopun aivan turhaan, koska kuskimme ei suostunut ottamaan haisevaa nahkaa kyytiin ja jouduin j\u00e4tt\u00e4m\u00e4\u00e4n sen matkasta. N\u00e4m\u00e4 nykyisin puhdistamani peuran nahat eiv\u00e4t edes m\u00e4r\u00e4ntyneen\u00e4 ved\u00e4 vertoja kojootin l\u00f6yhk\u00e4lle.<\/p>\n\n\n\n<figure class=\"wp-block-gallery has-nested-images columns-default is-cropped wp-block-gallery-18 is-layout-flex wp-block-gallery-is-layout-flex\">\n<figure class=\"wp-block-image size-large\"><img loading=\"lazy\" decoding=\"async\" width=\"720\" height=\"540\" data-id=\"510\" src=\"https:\/\/tuovisulonenkarhu.fi\/wp-content\/uploads\/2026\/03\/25733_383792650558_6584877_n_383792650558.jpg\" alt=\"\" class=\"wp-image-510\" srcset=\"https:\/\/tuovisulonenkarhu.fi\/wp-content\/uploads\/2026\/03\/25733_383792650558_6584877_n_383792650558.jpg 720w, https:\/\/tuovisulonenkarhu.fi\/wp-content\/uploads\/2026\/03\/25733_383792650558_6584877_n_383792650558-300x225.jpg 300w\" sizes=\"auto, (max-width: 720px) 100vw, 720px\" \/><\/figure>\n<\/figure>\n\n\n\n<figure class=\"wp-block-gallery has-nested-images columns-default is-cropped wp-block-gallery-19 is-layout-flex wp-block-gallery-is-layout-flex\">\n<figure class=\"wp-block-image size-large\"><img loading=\"lazy\" decoding=\"async\" width=\"720\" height=\"540\" data-id=\"511\" src=\"https:\/\/tuovisulonenkarhu.fi\/wp-content\/uploads\/2026\/03\/25733_383792655558_4479450_n_383792655558.jpg\" alt=\"\" class=\"wp-image-511\" srcset=\"https:\/\/tuovisulonenkarhu.fi\/wp-content\/uploads\/2026\/03\/25733_383792655558_4479450_n_383792655558.jpg 720w, https:\/\/tuovisulonenkarhu.fi\/wp-content\/uploads\/2026\/03\/25733_383792655558_4479450_n_383792655558-300x225.jpg 300w\" sizes=\"auto, (max-width: 720px) 100vw, 720px\" \/><\/figure>\n<\/figure>\n","protected":false},"excerpt":{"rendered":"<p>Ruusys\u00e4ngyn valmistusta jouluna 2023. Edelliset kolme ruusus\u00e4nky\u00e4 veistin kouluaikoina Jurvassa, tilaa oli sek\u00e4 kaikki pelit ja vehkeet. Haastetta hommaan saa mukavasti n\u00e4in kotioloissa. En voi kuin olla kiitollinen perheelleni siit\u00e4 loputtomasta k\u00e4rsiv\u00e4llisyydest\u00e4, mit\u00e4 lastut s\u00e4ngyss\u00e4 ja hiontap\u00f6ly aamupalaleiv\u00e4n vieress\u00e4 voikaan vaatia. Pitk\u00e4\u00e4 p\u00e4iv\u00e4\u00e4, dethline l\u00e4hestyy. Kyll\u00e4h\u00e4n min\u00e4 aloitin hommat t\u00e4\u00e4ll\u00e4 verstaan virkaa toimittavassa navetankeitti\u00f6ss\u00e4. Muuripadalla&#8230;<\/p>\n","protected":false},"author":1,"featured_media":0,"parent":13,"menu_order":0,"comment_status":"closed","ping_status":"closed","template":"","meta":{"_kad_post_transparent":"","_kad_post_title":"","_kad_post_layout":"","_kad_post_sidebar_id":"","_kad_post_content_style":"","_kad_post_vertical_padding":"","_kad_post_feature":"","_kad_post_feature_position":"","_kad_post_header":false,"_kad_post_footer":false,"_kad_post_classname":"","footnotes":""},"class_list":["post-83","page","type-page","status-publish","hentry"],"_links":{"self":[{"href":"https:\/\/tuovisulonenkarhu.fi\/index.php?rest_route=\/wp\/v2\/pages\/83","targetHints":{"allow":["GET"]}}],"collection":[{"href":"https:\/\/tuovisulonenkarhu.fi\/index.php?rest_route=\/wp\/v2\/pages"}],"about":[{"href":"https:\/\/tuovisulonenkarhu.fi\/index.php?rest_route=\/wp\/v2\/types\/page"}],"author":[{"embeddable":true,"href":"https:\/\/tuovisulonenkarhu.fi\/index.php?rest_route=\/wp\/v2\/users\/1"}],"replies":[{"embeddable":true,"href":"https:\/\/tuovisulonenkarhu.fi\/index.php?rest_route=%2Fwp%2Fv2%2Fcomments&post=83"}],"version-history":[{"count":15,"href":"https:\/\/tuovisulonenkarhu.fi\/index.php?rest_route=\/wp\/v2\/pages\/83\/revisions"}],"predecessor-version":[{"id":548,"href":"https:\/\/tuovisulonenkarhu.fi\/index.php?rest_route=\/wp\/v2\/pages\/83\/revisions\/548"}],"up":[{"embeddable":true,"href":"https:\/\/tuovisulonenkarhu.fi\/index.php?rest_route=\/wp\/v2\/pages\/13"}],"wp:attachment":[{"href":"https:\/\/tuovisulonenkarhu.fi\/index.php?rest_route=%2Fwp%2Fv2%2Fmedia&parent=83"}],"curies":[{"name":"wp","href":"https:\/\/api.w.org\/{rel}","templated":true}]}}